{"id":5891,"date":"2025-12-05T18:26:14","date_gmt":"2025-12-05T18:26:14","guid":{"rendered":"https:\/\/rokovnikivivir.si\/?post_type=product&#038;p=5891"},"modified":"2026-02-04T19:58:29","modified_gmt":"2026-02-04T19:58:29","slug":"dnevni-rokovnik-2026","status":"publish","type":"product","link":"https:\/\/rokovnikivivir.si\/sl\/izdelek\/dnevni-rokovnik-2026\/","title":{"rendered":"DNEVNI ROKOVNIK 2026"},"content":{"rendered":"<p>Naj vas leto 2026 spremlja v popolnem stilu in organiziranosti! Na\u0161 <strong>dnevni rokovnik v akti<\/strong> je nepogre\u0161ljiv pripomo\u010dek za vse, ki cenite red in preglednost v svojem \u017eivljenju.<\/p>\n<h3>Lastnosti:<\/h3>\n<ul>\n<li><strong>Elegantna akta<\/strong>: Na voljo v \u010dudovitih barvah \u2013 \u010drna, pe\u0161\u010dena, mauve, greenish, lavanda, baby pink in baby blue, ki zadovoljijo vsak okus.<\/li>\n<li><strong>Kompaktna velikost<\/strong>: Inserti velikosti 210 x 138 mm so prakti\u010dni in imajo dovolj prostora za vpis obveznosti.<\/li>\n<li><strong>250 strani popolne organizacije<\/strong>: dovolj prostora za vse va\u0161e zapiske, na\u010drte in obveznosti.<\/li>\n<li><strong>Organizacijski pripomo\u010dki<\/strong>:\n<ul>\n<li>Letni pregled za hiter vpogled v celo leto.<\/li>\n<li>Mese\u010dni pregled pred vsakim mesecem za na\u010drtovanje na vi\u0161jem nivoju.<\/li>\n<li>Dnevni razpored od 6:00 do 21:00 ure za natan\u010dno bele\u017eenje obveznosti.<\/li>\n<\/ul>\n<\/li>\n<\/ul>\n<h3>Za koga je primeren?<\/h3>\n<p>Ta rokovnik je popolna izbira za vse, ki:<\/p>\n<ul>\n<li>Rade ohranjate \u017eivljenje urejeno in pod kontrolo.<\/li>\n<li>Se ukvarjate s storitvami ali naro\u010dili strank in potrebujete jasen pregled nad termini.<\/li>\n<li>I\u0161\u010dete elegantnega, a prakti\u010dnega spremljevalca za vsakdan.<\/li>\n<\/ul>\n<p>Za\u010dnite leto 2026 s pravim orodjem za uspe\u0161no organizacijo! Izberite svojo barvo in naro\u010dite svoj dnevni rokovnik \u0161e danes. \ud83c\udf1f<\/p>\n<p>Nasvet: prebrskaj po ponudbi in si poglejte \u0161e ostale stvari, ki jih lahko dodate v akto poleg rokovnika.<\/p>\n<p>&nbsp;<\/p>\n<p>&nbsp;<\/p>\n<p>&nbsp;<\/p>\n","protected":false},"excerpt":{"rendered":"<p>Dnevni rokovnik traja od januarja do decembra 2026.<\/p>\n<p>Na vsaki strani je pregled dveh dni po urah, da si lahko dan splanirate \u010dim bolj natan\u010dno.<\/p>\n<p>Vsak mesec pa ima tudi prostor za spremljanje mese\u010dnih navad.<\/p>\n<p>&nbsp;<\/p>\n<p><strong>Akta za rokovnik v velikosti A5.<\/strong><\/p>\n<p>Izbirate lahko med barvami:<\/p>\n<ul>\n<li>Pe\u0161\u010dena<\/li>\n<li>\u010crna<\/li>\n<li>Lavanda<\/li>\n<li>Baby blue<\/li>\n<li>Baby pink<\/li>\n<li>Greenish<\/li>\n<li>Mauve<\/li>\n<\/ul>\n<p>Akta je vklju\u010dena v ceno.<\/p>\n","protected":false},"featured_media":5837,"comment_status":"open","ping_status":"closed","template":"","meta":[],"product_brand":[76],"product_cat":[209,166],"product_tag":[183,102,172,173,98,182],"class_list":{"0":"post-5891","1":"product","2":"type-product","3":"status-publish","4":"has-post-thumbnail","6":"product_brand-rokovniki-vivir","7":"product_cat-binder-planner","8":"product_cat-rokovniki","9":"product_tag-agenda-2025","10":"product_tag-dnevni-rokovnik","11":"product_tag-planer","12":"product_tag-planner","13":"product_tag-rokovnik","14":"product_tag-rokovnik2025","15":"wcpa_has_options","17":"first","18":"instock","19":"sale","20":"shipping-taxable","21":"purchasable","22":"product-type-variable"},"jetpack_sharing_enabled":true,"_links":{"self":[{"href":"https:\/\/rokovnikivivir.si\/sl\/wp-json\/wp\/v2\/product\/5891","targetHints":{"allow":["GET"]}}],"collection":[{"href":"https:\/\/rokovnikivivir.si\/sl\/wp-json\/wp\/v2\/product"}],"about":[{"href":"https:\/\/rokovnikivivir.si\/sl\/wp-json\/wp\/v2\/types\/product"}],"replies":[{"embeddable":true,"href":"https:\/\/rokovnikivivir.si\/sl\/wp-json\/wp\/v2\/comments?post=5891"}],"wp:featuredmedia":[{"embeddable":true,"href":"https:\/\/rokovnikivivir.si\/sl\/wp-json\/wp\/v2\/media\/5837"}],"wp:attachment":[{"href":"https:\/\/rokovnikivivir.si\/sl\/wp-json\/wp\/v2\/media?parent=5891"}],"wp:term":[{"taxonomy":"product_brand","embeddable":true,"href":"https:\/\/rokovnikivivir.si\/sl\/wp-json\/wp\/v2\/product_brand?post=5891"},{"taxonomy":"product_cat","embeddable":true,"href":"https:\/\/rokovnikivivir.si\/sl\/wp-json\/wp\/v2\/product_cat?post=5891"},{"taxonomy":"product_tag","embeddable":true,"href":"https:\/\/rokovnikivivir.si\/sl\/wp-json\/wp\/v2\/product_tag?post=5891"}],"curies":[{"name":"wp","href":"https:\/\/api.w.org\/{rel}","templated":true}]}}