{"id":5849,"date":"2025-10-29T20:00:15","date_gmt":"2025-10-29T20:00:15","guid":{"rendered":"https:\/\/rokovnikivivir.si\/?post_type=product&#038;p=5849"},"modified":"2026-02-04T19:59:04","modified_gmt":"2026-02-04T19:59:04","slug":"rokovnik-2026-inserti","status":"publish","type":"product","link":"https:\/\/rokovnikivivir.si\/sl\/izdelek\/rokovnik-2026-inserti\/","title":{"rendered":"LETNI ROKOVNIK 2026 | INSERTI"},"content":{"rendered":"<p>Za vse, ki \u017eeli\u0161 novo leto za\u010deti urejeno, navdihujo\u010de in s kan\u010dkom estetike.<br \/>\nRokovnik Vivir 2026 je tvoj popoln sopotnik za organizirano, ustvarjalno in uravnote\u017eeno leto. Pripravljen je kot insert (notranjost), ki ga preprosto vstavi\u0161 v svojo obstoje\u010do akto Vivir \u2013 in tako ustvari\u0161 planer, ki popolnoma odra\u017ea tvoj slog in energijo.<\/p>\n<p>\ud83d\udcd8 Kaj prejme\u0161:<br \/>\n\u2714\ufe0f Letni insert 2026<\/p>\n<p>&gt; Tehni\u010dne specifikacije:<br \/>\n\u2022 Format: 138 \u00d7 210 mm (malo manj\u0161i A5)<br \/>\n\u2022 \u010crno-bela tiskana notranjost<br \/>\n\u2022 Trajanje: januar \u2013 december 2026<br \/>\n\u2022 Letni koledar<br \/>\n\u2022 Pregledni mese\u010dni koledarji \u010dez dve strani<br \/>\n\u2022 Tedenski razpored s prostorom za zapiske, opravke, finance in pregledu telovadbe.<br \/>\n\u2022 Obseg: cca 180 strani<\/p>\n<p>Naj bo leto 2026 tvoje leto \ud83d\ude42<\/p>\n","protected":false},"excerpt":{"rendered":"<p>\u2022 Dimenzije: 138 \u00d7 210 mm<br data-start=\"587\" data-end=\"590\" \/>\u2022 \u0160tevilo strani: 180<br data-start=\"611\" data-end=\"614\" \/>\u2022 \u010casovno obdobje: januar 2026 \u2013 december 2026<br data-start=\"739\" data-end=\"742\" \/><br data-start=\"835\" data-end=\"838\" \/><strong>AKTA NI PRILO\u017dENA<\/strong><\/p>\n","protected":false},"featured_media":5850,"comment_status":"open","ping_status":"closed","template":"","meta":[],"product_brand":[76],"product_cat":[207,166],"product_tag":[194,191,195,197,193,196,198,192],"class_list":{"0":"post-5849","1":"product","2":"type-product","3":"status-publish","4":"has-post-thumbnail","6":"product_brand-rokovniki-vivir","7":"product_cat-inserti","8":"product_cat-rokovniki","9":"product_tag-insert-za-akto","10":"product_tag-letni-rokovnik-2026","11":"product_tag-minimalisticni-rokovnik","12":"product_tag-organizacija-leta","13":"product_tag-planer-2026","14":"product_tag-tedenski-planer","15":"product_tag-vivir-planer","16":"product_tag-vivir-rokovnik","18":"first","19":"instock","20":"sale","21":"shipping-taxable","22":"purchasable","23":"product-type-simple"},"jetpack_sharing_enabled":true,"_links":{"self":[{"href":"https:\/\/rokovnikivivir.si\/sl\/wp-json\/wp\/v2\/product\/5849","targetHints":{"allow":["GET"]}}],"collection":[{"href":"https:\/\/rokovnikivivir.si\/sl\/wp-json\/wp\/v2\/product"}],"about":[{"href":"https:\/\/rokovnikivivir.si\/sl\/wp-json\/wp\/v2\/types\/product"}],"replies":[{"embeddable":true,"href":"https:\/\/rokovnikivivir.si\/sl\/wp-json\/wp\/v2\/comments?post=5849"}],"wp:featuredmedia":[{"embeddable":true,"href":"https:\/\/rokovnikivivir.si\/sl\/wp-json\/wp\/v2\/media\/5850"}],"wp:attachment":[{"href":"https:\/\/rokovnikivivir.si\/sl\/wp-json\/wp\/v2\/media?parent=5849"}],"wp:term":[{"taxonomy":"product_brand","embeddable":true,"href":"https:\/\/rokovnikivivir.si\/sl\/wp-json\/wp\/v2\/product_brand?post=5849"},{"taxonomy":"product_cat","embeddable":true,"href":"https:\/\/rokovnikivivir.si\/sl\/wp-json\/wp\/v2\/product_cat?post=5849"},{"taxonomy":"product_tag","embeddable":true,"href":"https:\/\/rokovnikivivir.si\/sl\/wp-json\/wp\/v2\/product_tag?post=5849"}],"curies":[{"name":"wp","href":"https:\/\/api.w.org\/{rel}","templated":true}]}}