{"id":5687,"date":"2024-12-14T12:51:36","date_gmt":"2024-12-14T12:51:36","guid":{"rendered":"https:\/\/rokovnikivivir.si\/?post_type=product&#038;p=5687"},"modified":"2026-02-04T19:48:58","modified_gmt":"2026-02-04T19:48:58","slug":"bralni-dnevnik-inserti","status":"publish","type":"product","link":"https:\/\/rokovnikivivir.si\/sl\/izdelek\/bralni-dnevnik-inserti\/","title":{"rendered":"BRALNI DNEVNIK | INSERTI"},"content":{"rendered":"<p>Za vse moje ljubiteljice knjig in branja!<br \/>\n\u010cisto pravi BRALNI DNEVNIK!<\/p>\n<p><strong>Kaj to\u010dno je bralni dnevnik in kaj vsebuje?<\/strong><\/p>\n<p>V dnevniku si lahko zastavi\u0161 svoje bralne cilje, katere tekom dnevnika spremlja\u0161 in na koncu tudi zapi\u0161e\u0161 dejanske dose\u017eke. Vsebuje letni pregled prebranih knjig, strani, poglavij,&#8230;\u00a0 Vanj si lahko zapi\u0161e\u0161 vse svoje knjige v osebni knji\u017enici &#8211; pazi to; prostor za kar <strong>253 knjig<\/strong>!! Me zanima kdo bo prvi zapolnil vsa polja za zapis vseh knjig \ud83d\ude1b<\/p>\n<p>Vsebuje mese\u010dni koledar, ki sicer ni datumsko opredeljen, kar pomeni, da lahko dnevnik za\u010dne\u0161 uporabljati maja in ga uporablja\u0161 do kadar \u017eeli\u0161 &#8211; Ta koledar ti lahko slu\u017ei kot zapis kdaj bodo izdane kak\u0161ne knjige, vanj lahko zapisuje\u0161 teko\u010de branje,&#8230; lahko pa ga tudi ne uporablja\u0161, \u010de ga ne potrebuje\u0161 \ud83d\ude42<\/p>\n<p>Brez liste \u017eelja seveda ne gre, zato je nekaj prostora namenjenega tudi temu.<\/p>\n<p>Glavni del dnevnika pa je seveda prostor za zapis knji\u017enih mnenj! Kar dve strani, za povzetek in mnenje, oceno in sliko knjige&#8230; &amp; zakaj je dnevnik tako obse\u017een? Ker je v njem prostora za kar <strong>100 knjig!\u00a0<\/strong><\/p>\n<p>Ker vem, da vse knjige niso vredne, da bi jih prebrali do konca, se je v dnevniku zna\u0161el prostor tudi za nedokon\u010dane knjige.<br \/>\nVsebuje tudi nekaj bralnih izzivov, posebej lahko zbere\u0161 skupaj knjige iste serije ter mogo\u010de nekaj najpomembnej\u0161ega za vse, ki imate doma veliko knjig &#8211; prostor kamor lahko vpi\u0161e\u0161 komu si knjigo posodila, da se ti nobena knjiga ve\u010d ne izgubi \ud83d\ude42<\/p>\n<p><strong>Zakaj ti potrebuje\u0161 bralni dnevnik?<\/strong><\/p>\n<p>Ali se ti je \u017ee zgodilo da te je kdo vpra\u0161al za mnenje o kak\u0161ni knjigi, pa se preprosto nisi mogla spomniti vsebine? Ali pa morda za kak\u0161en predlog dobre kriminalke, pa se nisi spomnila naslova? Sedaj to ve\u010d ne bo problem, saj bo\u0161 imela vse zabele\u017eeno na enem mestu.<\/p>\n<p>Ko pa bo prva uporabnica izpolnila dnevnik za vseh 100 knjig pa bo seveda pri\u0161la dopolnjena verzija &#8211; z novimi izzivi, prostorom za nove knjige v doma\u010di knji\u017enici in pa za nova mnenja \ud83d\ude09<\/p>\n<p>Za karakteristike izdelka pa si preberi zgoraj ob sliki kraj\u0161i opis \ud83d\ude42<\/p>\n<p>p.s. <strong>AKTA NI PRILO\u017dENA<\/strong> &#8211; Dnevnik ima veliko strani, zato je najbolj kompatibilen z obstoje\u010dima barvama pe\u0161\u010dena in \u010drna, v ostale verjetno ne bo \u0161el cel naenkrat, lahko pa ga razdelite in vzamete nekaj listov ven, pa bo vseeno ok tudi z lavanda, rumeno, baby pink in baby blue ter marmorno belo in marmorno \u010drno akto.<\/p>\n","protected":false},"excerpt":{"rendered":"<ul>\n<li>Velikost listov 140x210mm<\/li>\n<li>6x luknjano za v akto<\/li>\n<li>320 strani<\/li>\n<li>120g\/m^2 papir, ki prepre\u010duje presevanje in pronicanje \u010drnila<\/li>\n<li>Tiskano v Sloveniji &lt;3<\/li>\n<\/ul>\n<p>AKTA NI PRILO\u017dENA<\/p>\n","protected":false},"featured_media":5689,"comment_status":"open","ping_status":"closed","template":"","meta":[],"product_brand":[76],"product_cat":[143],"product_tag":[],"class_list":{"0":"post-5687","1":"product","2":"type-product","3":"status-publish","4":"has-post-thumbnail","6":"product_brand-rokovniki-vivir","7":"product_cat-pisarna","9":"first","10":"instock","11":"shipping-taxable","12":"purchasable","13":"product-type-simple"},"jetpack_sharing_enabled":true,"_links":{"self":[{"href":"https:\/\/rokovnikivivir.si\/sl\/wp-json\/wp\/v2\/product\/5687","targetHints":{"allow":["GET"]}}],"collection":[{"href":"https:\/\/rokovnikivivir.si\/sl\/wp-json\/wp\/v2\/product"}],"about":[{"href":"https:\/\/rokovnikivivir.si\/sl\/wp-json\/wp\/v2\/types\/product"}],"replies":[{"embeddable":true,"href":"https:\/\/rokovnikivivir.si\/sl\/wp-json\/wp\/v2\/comments?post=5687"}],"wp:featuredmedia":[{"embeddable":true,"href":"https:\/\/rokovnikivivir.si\/sl\/wp-json\/wp\/v2\/media\/5689"}],"wp:attachment":[{"href":"https:\/\/rokovnikivivir.si\/sl\/wp-json\/wp\/v2\/media?parent=5687"}],"wp:term":[{"taxonomy":"product_brand","embeddable":true,"href":"https:\/\/rokovnikivivir.si\/sl\/wp-json\/wp\/v2\/product_brand?post=5687"},{"taxonomy":"product_cat","embeddable":true,"href":"https:\/\/rokovnikivivir.si\/sl\/wp-json\/wp\/v2\/product_cat?post=5687"},{"taxonomy":"product_tag","embeddable":true,"href":"https:\/\/rokovnikivivir.si\/sl\/wp-json\/wp\/v2\/product_tag?post=5687"}],"curies":[{"name":"wp","href":"https:\/\/api.w.org\/{rel}","templated":true}]}}