{"id":5666,"date":"2024-12-14T12:53:18","date_gmt":"2024-12-14T12:53:18","guid":{"rendered":"https:\/\/rokovnikivivir.si\/?post_type=product&#038;p=5666"},"modified":"2026-02-04T19:49:08","modified_gmt":"2026-02-04T19:49:08","slug":"bralni-dnevnik","status":"publish","type":"product","link":"https:\/\/rokovnikivivir.si\/sl\/izdelek\/bralni-dnevnik\/","title":{"rendered":"BRALNI DNEVNIK"},"content":{"rendered":"<p>Za vse moje ljubiteljice knjig in branja!<br \/>\n\u010cisto pravi BRALNI DNEVNIK!<\/p>\n<p><strong>Kaj to\u010dno je bralni dnevnik in kaj vsebuje?<\/strong><\/p>\n<p>V dnevniku si lahko zastavi\u0161 svoje bralne cilje, katere tekom dnevnika spremlja\u0161 in na koncu tudi zapi\u0161e\u0161 dejanske dose\u017eke. Vsebuje letni pregled prebranih knjig, strani, poglavij,&#8230;\u00a0 Vanj si lahko zapi\u0161e\u0161 vse svoje knjige v osebni knji\u017enici &#8211; pazi to; prostor za kar <strong>253 knjig<\/strong>!! Me zanima kdo bo prvi zapolnil vsa polja za zapis vseh knjig \ud83d\ude1b<\/p>\n<p>Vsebuje mese\u010dni koledar, ki sicer ni datumsko opredeljen, kar pomeni, da lahko dnevnik za\u010dne\u0161 uporabljati maja in ga uporablja\u0161 do kadar \u017eeli\u0161 &#8211; Ta koledar ti lahko slu\u017ei kot zapis kdaj bodo izdane kak\u0161ne knjige, vanj lahko zapisuje\u0161 teko\u010de branje,&#8230; lahko pa ga tudi ne uporablja\u0161, \u010de ga ne potrebuje\u0161 \ud83d\ude42<\/p>\n<p>Brez liste \u017eelja seveda ne gre, zato je nekaj prostora namenjenega tudi temu.<\/p>\n<p>Glavni del dnevnika pa je seveda prostor za zapis knji\u017enih mnenj! Kar dve strani, za povzetek in mnenje, oceno in sliko knjige&#8230; &amp; zakaj je dnevnik tako obse\u017een? Ker je v njem prostora za kar <strong>100 knjig!\u00a0<\/strong><\/p>\n<p>Ker vem, da vse knjige niso vredne, da bi jih prebrali do konca, se je v dnevniku zna\u0161el prostor tudi za nedokon\u010dane knjige.<br \/>\nVsebuje tudi nekaj bralnih izzivov, posebej lahko zbere\u0161 skupaj knjige iste serije ter mogo\u010de nekaj najpomembnej\u0161ega za vse, ki imate doma veliko knjig &#8211; prostor kamor lahko vpi\u0161e\u0161 komu si knjigo posodila, da se ti nobena knjiga ve\u010d ne izgubi \ud83d\ude42<\/p>\n<p><strong>Zakaj ti potrebuje\u0161 bralni dnevnik?<\/strong><\/p>\n<p>Ali se ti je \u017ee zgodilo da te je kdo vpra\u0161al za mnenje o kak\u0161ni knjigi, pa se preprosto nisi mogla spomniti vsebine? Ali pa morda za kak\u0161en predlog dobre kriminalke, pa se nisi spomnila naslova? Sedaj to ve\u010d ne bo problem, saj bo\u0161 imela vse zabele\u017eeno na enem mestu.<\/p>\n<p>Ko pa bo prva uporabnica izpolnila dnevnik za vseh 100 knjig pa bo seveda pri\u0161la dopolnjena verzija &#8211; z novimi izzivi, prostorom za nove knjige v doma\u010di knji\u017enici in pa za nova mnenja \ud83d\ude09<\/p>\n<p>Za karakteristike izdelka pa si preberi zgoraj ob sliki kraj\u0161i opis \ud83d\ude42<\/p>\n<p>p.s. Bralni dnevnik v akti &#8211; na voljo sta pe\u0161\u010dena ali \u010drna akta, saj je kar nekaj listov in sta ti akti malo ve\u010dji, da lahko vse liste naenkrat spravi\u0161 v njo.<br \/>\nV kolikor bi imela akto v drugih barvah lahko po dogovoru spremenimo barvo (glede na trenutno zalogo barv), z razumevanjem, da verjetno ne bodo \u0161li vsi listi naenkrat v akto \ud83d\ude42<br \/>\nPi\u0161i preko obrazca, maila ali na socialna omre\u017eja &#8211; vedno nas najde\u0161 pod imenom Rokovniki Vivir.<\/p>\n","protected":false},"excerpt":{"rendered":"<p>Bralni dnevnik v akti &#8211; pe\u0161\u010deni ali \u010drni.<\/p>\n<ul>\n<li>Velikost listov 140x210mm<\/li>\n<li>6x luknjano v akti<\/li>\n<li>320 strani<\/li>\n<li>120g\/m^2 papir, ki prepre\u010duje presevanje in pronicanje \u010drnila<\/li>\n<li>Tiskano v Sloveniji &lt;3<\/li>\n<\/ul>\n","protected":false},"featured_media":5684,"comment_status":"open","ping_status":"closed","template":"","meta":[],"product_brand":[76],"product_cat":[143],"product_tag":[186,106,187,105,188,139],"class_list":{"0":"post-5666","1":"product","2":"type-product","3":"status-publish","4":"has-post-thumbnail","6":"product_brand-rokovniki-vivir","7":"product_cat-pisarna","8":"product_tag-186","9":"product_tag-akta","10":"product_tag-bralni-dnevnik","11":"product_tag-dnevnik","12":"product_tag-reading-journal","13":"product_tag-rokovnikivivir","14":"wcpa_has_options","16":"first","17":"instock","18":"sale","19":"shipping-taxable","20":"purchasable","21":"product-type-variable"},"jetpack_sharing_enabled":true,"_links":{"self":[{"href":"https:\/\/rokovnikivivir.si\/sl\/wp-json\/wp\/v2\/product\/5666","targetHints":{"allow":["GET"]}}],"collection":[{"href":"https:\/\/rokovnikivivir.si\/sl\/wp-json\/wp\/v2\/product"}],"about":[{"href":"https:\/\/rokovnikivivir.si\/sl\/wp-json\/wp\/v2\/types\/product"}],"replies":[{"embeddable":true,"href":"https:\/\/rokovnikivivir.si\/sl\/wp-json\/wp\/v2\/comments?post=5666"}],"wp:featuredmedia":[{"embeddable":true,"href":"https:\/\/rokovnikivivir.si\/sl\/wp-json\/wp\/v2\/media\/5684"}],"wp:attachment":[{"href":"https:\/\/rokovnikivivir.si\/sl\/wp-json\/wp\/v2\/media?parent=5666"}],"wp:term":[{"taxonomy":"product_brand","embeddable":true,"href":"https:\/\/rokovnikivivir.si\/sl\/wp-json\/wp\/v2\/product_brand?post=5666"},{"taxonomy":"product_cat","embeddable":true,"href":"https:\/\/rokovnikivivir.si\/sl\/wp-json\/wp\/v2\/product_cat?post=5666"},{"taxonomy":"product_tag","embeddable":true,"href":"https:\/\/rokovnikivivir.si\/sl\/wp-json\/wp\/v2\/product_tag?post=5666"}],"curies":[{"name":"wp","href":"https:\/\/api.w.org\/{rel}","templated":true}]}}