{"id":5539,"date":"2024-08-05T15:43:41","date_gmt":"2024-08-05T15:43:41","guid":{"rendered":"https:\/\/rokovnikivivir.si\/?post_type=product&#038;p=5539"},"modified":"2026-02-04T19:48:14","modified_gmt":"2026-02-04T19:48:14","slug":"mali-zvezek-inserti-za-a5-akto","status":"publish","type":"product","link":"https:\/\/rokovnikivivir.si\/sl\/izdelek\/mali-zvezek-inserti-za-a5-akto\/","title":{"rendered":"MALI ZVEZEK | INSERTI ZA A5 AKTO"},"content":{"rendered":"<p>Leto\u0161nji izbor izdelkov se je pove\u010dal za novega mal\u010dka- mali zvezek, ki ga lahko uporabljate za zapiske v svoji akti ali pa kot zvezek v svojem wallet binderju. Pomembno je da izberete pravega, saj so luknje za zvezek v A5 akti druga\u010de postavljene kot pri malem zvezku za v wallet binder.<\/p>\n<p><strong>Zakaj izbrati mali zvezek?<\/strong><\/p>\n<ul>\n<li><strong>40 \u010drtastih strani:<\/strong>\u00a0Dovolj prostora za vse va\u0161e zapiske, od predavanj in sestankov do osebnih dnevnikov in seznamov opravil.<\/li>\n<li><strong>Kvalitetni listi:<\/strong>\u00a0Na\u0161i listi so dovolj debeli, da prepre\u010dijo pronicanje \u010drnila, kar zagotavlja \u010diste in jasne zapiske.<\/li>\n<li><strong>Kompatibilnost z aktami:<\/strong>\u00a0Zvezek je zasnovan tako, da se popolnoma prilega na\u0161im velikim aktam ali pa wallet binderju \u2013\u00a0<strong>tale je namenjen za A5 akte<\/strong>, \u010de \u017eeli\u0161 da je kompatibilen z wallet binderjem pa po\u010dakaj \u0161e nekaj dni, ko objavim wallet binderje\u00a0\ud83d\ude09<\/li>\n<\/ul>\n<p>Nikoli ve\u010d ne izgubi svojih zapiskov, saj bo\u0161 sedaj lahko le te zapisala in pripela v rokovnik.<\/p>\n<p>Lahko ga uporablja\u0161 za dodatne zapiske \u2013 za zapis opravil ali pa za zapis idej\u2026 Mo\u017enosti za uporabo je neomejeno\u00a0\ud83d\ude42<\/p>\n<hr \/>\n<hr \/>\n<p>AKTA NI PRILO\u017dENA!<\/p>\n<p>&nbsp;<\/p>\n","protected":false},"excerpt":{"rendered":"<ul>\n<li>velikosti 105\u00d7160 mm<\/li>\n<li>6x luknjani listi za\u00a0<strong>v A5 akto<\/strong><\/li>\n<li>kvaliteten papir vi\u0161je gramature<\/li>\n<li>tiskano v Sloveniji<\/li>\n<li>40 \u010drtastih strani<\/li>\n<\/ul>\n<p>AKTA NI PRILO\u017dENA!<\/p>\n","protected":false},"featured_media":5506,"comment_status":"open","ping_status":"closed","template":"","meta":[],"product_brand":[76],"product_cat":[206],"product_tag":[],"class_list":{"0":"post-5539","1":"product","2":"type-product","3":"status-publish","4":"has-post-thumbnail","6":"product_brand-rokovniki-vivir","7":"product_cat-dodatki","9":"first","10":"instock","11":"shipping-taxable","12":"purchasable","13":"product-type-simple"},"jetpack_sharing_enabled":true,"_links":{"self":[{"href":"https:\/\/rokovnikivivir.si\/sl\/wp-json\/wp\/v2\/product\/5539","targetHints":{"allow":["GET"]}}],"collection":[{"href":"https:\/\/rokovnikivivir.si\/sl\/wp-json\/wp\/v2\/product"}],"about":[{"href":"https:\/\/rokovnikivivir.si\/sl\/wp-json\/wp\/v2\/types\/product"}],"replies":[{"embeddable":true,"href":"https:\/\/rokovnikivivir.si\/sl\/wp-json\/wp\/v2\/comments?post=5539"}],"wp:featuredmedia":[{"embeddable":true,"href":"https:\/\/rokovnikivivir.si\/sl\/wp-json\/wp\/v2\/media\/5506"}],"wp:attachment":[{"href":"https:\/\/rokovnikivivir.si\/sl\/wp-json\/wp\/v2\/media?parent=5539"}],"wp:term":[{"taxonomy":"product_brand","embeddable":true,"href":"https:\/\/rokovnikivivir.si\/sl\/wp-json\/wp\/v2\/product_brand?post=5539"},{"taxonomy":"product_cat","embeddable":true,"href":"https:\/\/rokovnikivivir.si\/sl\/wp-json\/wp\/v2\/product_cat?post=5539"},{"taxonomy":"product_tag","embeddable":true,"href":"https:\/\/rokovnikivivir.si\/sl\/wp-json\/wp\/v2\/product_tag?post=5539"}],"curies":[{"name":"wp","href":"https:\/\/api.w.org\/{rel}","templated":true}]}}