{"id":5520,"date":"2024-08-02T19:49:15","date_gmt":"2024-08-02T19:49:15","guid":{"rendered":"https:\/\/rokovnikivivir.si\/?post_type=product&#038;p=5520"},"modified":"2024-11-05T20:17:22","modified_gmt":"2024-11-05T20:17:22","slug":"mali-zvezek-v-wallet-binderju","status":"publish","type":"product","link":"https:\/\/rokovnikivivir.si\/sl\/izdelek\/mali-zvezek-v-wallet-binderju\/","title":{"rendered":"MALI ZVEZEK V WALLET BINDER-ju"},"content":{"rendered":"<p>Leto\u0161nja novost je wallet binder, ki ga lahko uporablja\u0161 kot denarnico, kateri lahko doda\u0161 zvezek za zapiske\/za zapis financ&#8230;<\/p>\n<p>Wallet binder je velik 170&#215;140 mm in ima prilo\u017eeno tudi verigico, da jo lahko nosi\u0161 kot torbico.<\/p>\n<p>Na voljo je v treh \u010dudovith barvah &#8211; roza, \u010drni in neutral.<br \/>\nVeriga je v zlati barvi in je \u010dudovit dodatek.<\/p>\n<p>V wallet binder-ju je prilo\u017een zvezek, ki ga lahko uporablja\u0161 za zapiske ali za vodenje svojih financ.<\/p>\n<p>V wallet binderju je \u017eepek za denar, za kartice in za kovan\u010dke, tako da ga lahko uporablja\u0161 namesto denarnice in torbice obenem.<\/p>\n","protected":false},"excerpt":{"rendered":"<ul style=\"text-align: left;\">\n<li>velikost wallet binderja 140x170mm<\/li>\n<li>listi v velikosti 105&#215;160 mm<\/li>\n<li>6x luknjani listi<\/li>\n<li>kvaliteten papir vi\u0161je gramature<\/li>\n<li>tiskano v Sloveniji<\/li>\n<li>40 \u010drtastih strani<\/li>\n<li>wallet binder v roza, \u010drni ali neutral barvi<\/li>\n<li>prilo\u017eena verigica<\/li>\n<\/ul>\n","protected":false},"featured_media":5575,"comment_status":"open","ping_status":"closed","template":"","meta":[],"product_brand":[76],"product_cat":[143],"product_tag":[139,90],"class_list":{"0":"post-5520","1":"product","2":"type-product","3":"status-publish","4":"has-post-thumbnail","6":"product_brand-rokovniki-vivir","7":"product_cat-pisarna","8":"product_tag-rokovnikivivir","9":"product_tag-zvezek","10":"wcpa_has_options","12":"first","13":"instock","14":"shipping-taxable","15":"purchasable","16":"product-type-simple"},"jetpack_sharing_enabled":true,"_links":{"self":[{"href":"https:\/\/rokovnikivivir.si\/sl\/wp-json\/wp\/v2\/product\/5520","targetHints":{"allow":["GET"]}}],"collection":[{"href":"https:\/\/rokovnikivivir.si\/sl\/wp-json\/wp\/v2\/product"}],"about":[{"href":"https:\/\/rokovnikivivir.si\/sl\/wp-json\/wp\/v2\/types\/product"}],"replies":[{"embeddable":true,"href":"https:\/\/rokovnikivivir.si\/sl\/wp-json\/wp\/v2\/comments?post=5520"}],"wp:featuredmedia":[{"embeddable":true,"href":"https:\/\/rokovnikivivir.si\/sl\/wp-json\/wp\/v2\/media\/5575"}],"wp:attachment":[{"href":"https:\/\/rokovnikivivir.si\/sl\/wp-json\/wp\/v2\/media?parent=5520"}],"wp:term":[{"taxonomy":"product_brand","embeddable":true,"href":"https:\/\/rokovnikivivir.si\/sl\/wp-json\/wp\/v2\/product_brand?post=5520"},{"taxonomy":"product_cat","embeddable":true,"href":"https:\/\/rokovnikivivir.si\/sl\/wp-json\/wp\/v2\/product_cat?post=5520"},{"taxonomy":"product_tag","embeddable":true,"href":"https:\/\/rokovnikivivir.si\/sl\/wp-json\/wp\/v2\/product_tag?post=5520"}],"curies":[{"name":"wp","href":"https:\/\/api.w.org\/{rel}","templated":true}]}}