{"id":5508,"date":"2024-07-30T17:08:19","date_gmt":"2024-07-30T17:08:19","guid":{"rendered":"https:\/\/rokovnikivivir.si\/?post_type=product&#038;p=5508"},"modified":"2024-11-08T10:00:42","modified_gmt":"2024-11-08T10:00:42","slug":"mali-zvezek-inserti-za-wallet-binder","status":"publish","type":"product","link":"https:\/\/rokovnikivivir.si\/sl\/izdelek\/mali-zvezek-inserti-za-wallet-binder\/","title":{"rendered":"MALI ZVEZEK | INSERTI ZA WALLET BINDER"},"content":{"rendered":"<p>Leto\u0161nji izbor izdelkov se je pove\u010dal za novega mal\u010dka- mali zvezek, ki ga lahko uporablja\u0161 za zapiske v svoji akti ali pa kot zvezek v svojem wallet binderju. Pomembno je da izberete pravega, saj so luknje za zvezek v A5 akti druga\u010de postavljene kot pri malem zvezku za v wallet binder.<\/p>\n<p><strong>Zakaj izbrati mali zvezek?<\/strong><\/p>\n<ul>\n<li><strong>40 \u010drtastih strani:<\/strong> Dovolj prostora za vse va\u0161e zapiske, od predavanj in sestankov do osebnih dnevnikov in seznamov opravil.<\/li>\n<li><strong>Kompatibilnost z aktami:<\/strong> Zvezek je zasnovan tako, da se popolnoma prilega na\u0161im velikim aktam ali pa wallet binderju &#8211; <strong>tale je namenjen za wallet binder<\/strong>, \u010de \u017eeli\u0161 da je kompatibilen z a5 akto pa izberi tega<a href=\"https:\/\/rokovnikivivir.si\/izdelek\/zvezek-inserti-a5-akta\"> (klikni tukaj)<\/a>.<\/li>\n<\/ul>\n<p>Nikoli ve\u010d ne izgubi svojih zapiskov, saj bo\u0161 sedaj lahko le te zapisala in pripela v &#8220;denarnico&#8221;.<\/p>\n<p>Zvezek lahko uporablja\u0161 za zapiske, kot vodenje svojih financ ali pa za karkoli si zamisli\u0161 \ud83d\ude42<\/p>\n<hr \/>\n<hr \/>\n<p>WALLET BINDER NI PRILO\u017dEN!<\/p>\n<p>&nbsp;<\/p>\n","protected":false},"excerpt":{"rendered":"<ul style=\"text-align: left;\">\n<li>velikosti 105&#215;160 mm<\/li>\n<li>6x luknjani listi za <strong>v WALLET BINDER<\/strong><\/li>\n<li>kvaliteten papir vi\u0161je gramature<\/li>\n<li>tiskano v Sloveniji<\/li>\n<li>40 \u010drtastih strani<\/li>\n<\/ul>\n<p style=\"text-align: left;\">WALLET BINDER NI PRILO\u017dEN!<\/p>\n","protected":false},"featured_media":5507,"comment_status":"open","ping_status":"closed","template":"","meta":[],"product_brand":[76],"product_cat":[143],"product_tag":[139,90],"class_list":{"0":"post-5508","1":"product","2":"type-product","3":"status-publish","4":"has-post-thumbnail","6":"product_brand-rokovniki-vivir","7":"product_cat-pisarna","8":"product_tag-rokovnikivivir","9":"product_tag-zvezek","11":"first","12":"instock","13":"shipping-taxable","14":"purchasable","15":"product-type-simple"},"jetpack_sharing_enabled":true,"_links":{"self":[{"href":"https:\/\/rokovnikivivir.si\/sl\/wp-json\/wp\/v2\/product\/5508","targetHints":{"allow":["GET"]}}],"collection":[{"href":"https:\/\/rokovnikivivir.si\/sl\/wp-json\/wp\/v2\/product"}],"about":[{"href":"https:\/\/rokovnikivivir.si\/sl\/wp-json\/wp\/v2\/types\/product"}],"replies":[{"embeddable":true,"href":"https:\/\/rokovnikivivir.si\/sl\/wp-json\/wp\/v2\/comments?post=5508"}],"wp:featuredmedia":[{"embeddable":true,"href":"https:\/\/rokovnikivivir.si\/sl\/wp-json\/wp\/v2\/media\/5507"}],"wp:attachment":[{"href":"https:\/\/rokovnikivivir.si\/sl\/wp-json\/wp\/v2\/media?parent=5508"}],"wp:term":[{"taxonomy":"product_brand","embeddable":true,"href":"https:\/\/rokovnikivivir.si\/sl\/wp-json\/wp\/v2\/product_brand?post=5508"},{"taxonomy":"product_cat","embeddable":true,"href":"https:\/\/rokovnikivivir.si\/sl\/wp-json\/wp\/v2\/product_cat?post=5508"},{"taxonomy":"product_tag","embeddable":true,"href":"https:\/\/rokovnikivivir.si\/sl\/wp-json\/wp\/v2\/product_tag?post=5508"}],"curies":[{"name":"wp","href":"https:\/\/api.w.org\/{rel}","templated":true}]}}