{"id":5296,"date":"2023-10-20T17:57:28","date_gmt":"2023-10-20T17:57:28","guid":{"rendered":"https:\/\/rokovnikivivir.si\/?post_type=product&#038;p=5296"},"modified":"2023-10-20T18:20:52","modified_gmt":"2023-10-20T18:20:52","slug":"komplet-namiznih-planerjev","status":"publish","type":"product","link":"https:\/\/rokovnikivivir.si\/sl\/izdelek\/komplet-namiznih-planerjev\/","title":{"rendered":"KOMPLET NAMIZNIH PLANERJEV | mese\u010dni + tedenski + dnevni"},"content":{"rendered":"<blockquote><p>Ali tudi ti misli\u0161, da bi si v \u017eivljenju zaslu\u017eila ve\u010d organizacije? Se tvoji dnevi vrtijo okrog neskon\u010dnega to-do seznama, ki ga nikoli ne premaga\u0161? Ne skrbi, ker smo tukaj, da te re\u0161imo iz labirinta vsakodnevnega kaosa!<\/p>\n<p>Predstavljamo ti &#8220;Ultimativni troj\u010dek organizacije&#8221; &#8211; tri namizne planerje, ki bodo spremenili tvoj pogled na organizacijo in tvoje dneve naredili bolj pregledne, barvite in, seveda, organizirane.<\/p>\n<ol>\n<li><strong>Mese\u010dni Namizni Planer<\/strong>\u00a0\ud83d\uddd3\ufe0f &#8211; Za tiste trenutke, ko potrebuje\u0161 \u0161ir\u0161i pogled na svoje obveznosti. Nikoli ve\u010d ne bo\u0161 zamudila pomembnega datuma ali roka. Ta namizni planer bo tvoj osebni \u010darobni kristal za preglednost. Vsak mese\u010dni planer vsebuje 20 listov.<\/li>\n<li><strong>Tedenski Namizni Planer<\/strong> \ud83d\udcc5 &#8211; \u010ce veliko \u010dasa pre\u017eivi\u0161 za pisalno mizo, je to lahko tvoj novi najbolj\u0161i prijatelj! S tem planerjem bo\u0161 la\u017eje sledila svojim dnevnim nalogam in si oblikovala popoln teden. Vsak tedenski planer vsebuje 50 listov.<\/li>\n<li><strong>Dnevni Namizni Planer<\/strong>\u00a0\ud83d\udcdd &#8211; Za tiste dni, ko potrebuje\u0161 ve\u010d prostora za zapisovanje podrobnosti. Velikost je A5, kar je ravno prav za zapis vsega pomembnega in se pomembne stvari ne izgubijo med vsemi podatki. In kako bi lahko pozabili na barvne liste, ki po\u017eivijo \u0161e tako turoben dan? Vsak dnevni planer vsebuje 50 listov.<\/li>\n<\/ol>\n<p>Vsi trije planerji so zasnovani za enostavno uporabo. In najbolj\u0161e od vsega? Niso datumsko dolo\u010deni! To pomeni, da jih lahko za\u010dne\u0161 uporabljati kadar to \u017eeli\u0161 in jih uporablja\u0161, kadar jih resni\u010dno potrebuje\u0161. Ni nujno vsak teden ali vsak dan. To je prava svoboda organizacije! In kot dodaten bonus, imajo kvaliteten papir, ki prepre\u010duje, da bi \u010drnilo pronicalo skozi.<\/p>\n<p>In da, \u010deprav jih ne moremo opremiti z magi\u010dno mo\u010djo, bodo ti planerji tvoji najbolj\u0161i pomo\u010dniki na poti do organiziranega in urejenega \u017eivljenja. Zdru\u017ei jih in postani mojstrica organizacije!<\/p>\n<p>Pohiti in si zagotovi svoj &#8220;Ultimativni troj\u010dek organizacije&#8221; \u0161e danes, in kon\u010dno si prislu\u017ei bolj organiziran in barvit vsakdan. Organizacija ni nikoli bila tako zabavna! \ud83c\udf08\ud83d\uddd3\ufe0f\ud83c\udf89<\/p><\/blockquote>\n","protected":false},"excerpt":{"rendered":"<p><strong>Ultimativni troj\u010dek organizacije\u00a0<\/strong><\/p>\n<ul>\n<li>Mese\u010dni namizni planer<\/li>\n<\/ul>\n<p>Velikost a4, kvaliteten papir, 20 listov<\/p>\n<ul>\n<li>Tedenski namizni planer<\/li>\n<\/ul>\n<p>Velikost a4, kvaliteten papir, 50 listov<\/p>\n<ul>\n<li>Dnevni namizni planer<\/li>\n<\/ul>\n<p>Velikost a5, kvaliteten papir, 50 listov<\/p>\n<p>&nbsp;<\/p>\n<p>&nbsp;<\/p>\n","protected":false},"featured_media":5292,"comment_status":"open","ping_status":"closed","template":"","meta":[],"product_brand":[76],"product_cat":[143],"product_tag":[],"class_list":{"0":"post-5296","1":"product","2":"type-product","3":"status-publish","4":"has-post-thumbnail","6":"product_brand-rokovniki-vivir","7":"product_cat-pisarna","9":"first","10":"instock","11":"shipping-taxable","12":"purchasable","13":"product-type-simple"},"jetpack_sharing_enabled":true,"_links":{"self":[{"href":"https:\/\/rokovnikivivir.si\/sl\/wp-json\/wp\/v2\/product\/5296","targetHints":{"allow":["GET"]}}],"collection":[{"href":"https:\/\/rokovnikivivir.si\/sl\/wp-json\/wp\/v2\/product"}],"about":[{"href":"https:\/\/rokovnikivivir.si\/sl\/wp-json\/wp\/v2\/types\/product"}],"replies":[{"embeddable":true,"href":"https:\/\/rokovnikivivir.si\/sl\/wp-json\/wp\/v2\/comments?post=5296"}],"wp:featuredmedia":[{"embeddable":true,"href":"https:\/\/rokovnikivivir.si\/sl\/wp-json\/wp\/v2\/media\/5292"}],"wp:attachment":[{"href":"https:\/\/rokovnikivivir.si\/sl\/wp-json\/wp\/v2\/media?parent=5296"}],"wp:term":[{"taxonomy":"product_brand","embeddable":true,"href":"https:\/\/rokovnikivivir.si\/sl\/wp-json\/wp\/v2\/product_brand?post=5296"},{"taxonomy":"product_cat","embeddable":true,"href":"https:\/\/rokovnikivivir.si\/sl\/wp-json\/wp\/v2\/product_cat?post=5296"},{"taxonomy":"product_tag","embeddable":true,"href":"https:\/\/rokovnikivivir.si\/sl\/wp-json\/wp\/v2\/product_tag?post=5296"}],"curies":[{"name":"wp","href":"https:\/\/api.w.org\/{rel}","templated":true}]}}