{"id":5185,"date":"2023-08-04T17:30:36","date_gmt":"2023-08-04T17:30:36","guid":{"rendered":"https:\/\/rokovnikivivir.si\/?post_type=product&#038;p=5185"},"modified":"2026-02-04T19:49:41","modified_gmt":"2026-02-04T19:49:41","slug":"sablone","status":"publish","type":"product","link":"https:\/\/rokovnikivivir.si\/sl\/izdelek\/sablone\/","title":{"rendered":"BULLET JOURNAL \u0160ABLONE"},"content":{"rendered":"<p style=\"text-align: center;\">Naj bo tvoje ustvarjanje \u0161e bolj kreativno s pomo\u010djo \u0161ablon Paper Poetry*.<\/p>\n<p style=\"text-align: center;\">Na voljo sta dve \u0161abloni:<\/p>\n<p style=\"text-align: center;\"><strong>office<\/strong><\/p>\n<p style=\"text-align: center;\">\n<p style=\"text-align: center;\"><strong><strong><img loading=\"lazy\" decoding=\"async\" class=\"alignnone size-medium wp-image-5191 aligncenter\" src=\"https:\/\/rokovnikivivir.si\/wp-content\/uploads\/2023\/08\/PhotoRoom_20230804_192654-248x300.jpg\" alt=\"\" width=\"248\" height=\"300\" srcset=\"https:\/\/rokovnikivivir.si\/wp-content\/uploads\/2023\/08\/PhotoRoom_20230804_192654-248x300.jpg 248w, https:\/\/rokovnikivivir.si\/wp-content\/uploads\/2023\/08\/PhotoRoom_20230804_192654-847x1024.jpg 847w, https:\/\/rokovnikivivir.si\/wp-content\/uploads\/2023\/08\/PhotoRoom_20230804_192654-768x929.jpg 768w, https:\/\/rokovnikivivir.si\/wp-content\/uploads\/2023\/08\/PhotoRoom_20230804_192654-1270x1536.jpg 1270w, https:\/\/rokovnikivivir.si\/wp-content\/uploads\/2023\/08\/PhotoRoom_20230804_192654-1694x2048.jpg 1694w, https:\/\/rokovnikivivir.si\/wp-content\/uploads\/2023\/08\/PhotoRoom_20230804_192654-10x12.jpg 10w, https:\/\/rokovnikivivir.si\/wp-content\/uploads\/2023\/08\/PhotoRoom_20230804_192654-100x120.jpg 100w, https:\/\/rokovnikivivir.si\/wp-content\/uploads\/2023\/08\/PhotoRoom_20230804_192654-1320x1596.jpg 1320w, https:\/\/rokovnikivivir.si\/wp-content\/uploads\/2023\/08\/PhotoRoom_20230804_192654-540x653.jpg 540w, https:\/\/rokovnikivivir.si\/wp-content\/uploads\/2023\/08\/PhotoRoom_20230804_192654.jpg 1799w\" sizes=\"auto, (max-width: 248px) 100vw, 248px\" \/><\/strong><\/strong><\/p>\n<p style=\"text-align: center;\"><strong>squares<\/strong><\/p>\n<p style=\"text-align: center;\"><img loading=\"lazy\" decoding=\"async\" class=\" wp-image-5190 aligncenter\" style=\"text-align: center;\" src=\"https:\/\/rokovnikivivir.si\/wp-content\/uploads\/2023\/08\/squares-224x300.jpg\" alt=\"\" width=\"152\" height=\"204\" srcset=\"https:\/\/rokovnikivivir.si\/wp-content\/uploads\/2023\/08\/squares-224x300.jpg 224w, https:\/\/rokovnikivivir.si\/wp-content\/uploads\/2023\/08\/squares-9x12.jpg 9w, https:\/\/rokovnikivivir.si\/wp-content\/uploads\/2023\/08\/squares-600x800.jpg 600w, https:\/\/rokovnikivivir.si\/wp-content\/uploads\/2023\/08\/squares-540x724.jpg 540w, https:\/\/rokovnikivivir.si\/wp-content\/uploads\/2023\/08\/squares.jpg 652w\" sizes=\"auto, (max-width: 152px) 100vw, 152px\" \/><\/p>\n<p style=\"text-align: center;\">\n<p style=\"text-align: center;\">\n","protected":false},"excerpt":{"rendered":"<p>\u0160abloni Paper Poetry* za la\u017eje in kreativnej\u0161e ustvarjanje.<\/p>\n<p>Uporabi jih v rokovniku, bullet journal-u, zvezku&#8230;<\/p>\n<p>Office \u0161ablona je velika 7x12cm<\/p>\n<p>Squares \u0161ablona je velika 9,5x15cm.<\/p>\n","protected":false},"featured_media":5180,"comment_status":"open","ping_status":"closed","template":"","meta":[],"product_brand":[],"product_cat":[143],"product_tag":[],"class_list":{"0":"post-5185","1":"product","2":"type-product","3":"status-publish","4":"has-post-thumbnail","6":"product_cat-pisarna","8":"first","9":"instock","10":"shipping-taxable","11":"purchasable","12":"product-type-variable"},"jetpack_sharing_enabled":true,"_links":{"self":[{"href":"https:\/\/rokovnikivivir.si\/sl\/wp-json\/wp\/v2\/product\/5185","targetHints":{"allow":["GET"]}}],"collection":[{"href":"https:\/\/rokovnikivivir.si\/sl\/wp-json\/wp\/v2\/product"}],"about":[{"href":"https:\/\/rokovnikivivir.si\/sl\/wp-json\/wp\/v2\/types\/product"}],"replies":[{"embeddable":true,"href":"https:\/\/rokovnikivivir.si\/sl\/wp-json\/wp\/v2\/comments?post=5185"}],"wp:featuredmedia":[{"embeddable":true,"href":"https:\/\/rokovnikivivir.si\/sl\/wp-json\/wp\/v2\/media\/5180"}],"wp:attachment":[{"href":"https:\/\/rokovnikivivir.si\/sl\/wp-json\/wp\/v2\/media?parent=5185"}],"wp:term":[{"taxonomy":"product_brand","embeddable":true,"href":"https:\/\/rokovnikivivir.si\/sl\/wp-json\/wp\/v2\/product_brand?post=5185"},{"taxonomy":"product_cat","embeddable":true,"href":"https:\/\/rokovnikivivir.si\/sl\/wp-json\/wp\/v2\/product_cat?post=5185"},{"taxonomy":"product_tag","embeddable":true,"href":"https:\/\/rokovnikivivir.si\/sl\/wp-json\/wp\/v2\/product_tag?post=5185"}],"curies":[{"name":"wp","href":"https:\/\/api.w.org\/{rel}","templated":true}]}}