{"id":5177,"date":"2023-08-04T16:21:09","date_gmt":"2023-08-04T16:21:09","guid":{"rendered":"https:\/\/rokovnikivivir.si\/?post_type=product&#038;p=5177"},"modified":"2026-02-04T20:36:28","modified_gmt":"2026-02-04T20:36:28","slug":"akta-brezcrtni-listi","status":"publish","type":"product","link":"https:\/\/rokovnikivivir.si\/sl\/izdelek\/akta-brezcrtni-listi\/","title":{"rendered":"AKTA + BREZ\u010cRTNI LISTI"},"content":{"rendered":"<p style=\"text-align: left;\">Naredi svojo verzijo rokovnika, zvezka, dnevnika, albuma&#8230; Naro\u010di akto + brez\u010drtne liste in ga uporabljaj po svoje. V kompletu prejme\u0161 akto v barvi po izbiri (ki jo lahko personaliziramo) in 100 brez\u010drtnih listov.<\/p>\n<p>Lahko je to bele\u017eka za skice, bele\u017eka za zapiske. Osebni ali slu\u017ebeni dnevnik, lahko ga uporablja\u0161 kot zvezek za v \u0161olo.. Ali pa kot album v katerega lepi\u0161 fotografije. Naj bo tvoja kreativnost brez meja.<\/p>\n<hr \/>\n<hr \/>\n<p>Navodilo za naro\u010dilo;<\/p>\n<p>v kolikor \u017eeli\u0161 imeti na platnici akte napisano tvoje ime izberi \u017eelim personalizacijo. Nato zapi\u0161i svoje ime in izberi barvo teksta ter izberi barvo akte.<\/p>\n<p>Barve so na voljo do razprodaje zalog, v kolikor slu\u010dajno tik ob tvojem naro\u010dilu zmanjka kak\u0161ne barve, te kontaktiramo za spremembo \u263a\ufe0f<\/p>\n<p>p.s.: odtenki barve se lahko razlikujejo na sliki in v \u017eivo.<\/p>\n","protected":false},"excerpt":{"rendered":"<ul style=\"text-align: left;\">\n<li>velikost akte je pribli\u017eno 19&#215;23 cm (bele in \u010drne) in 17&#215;23 (barvne)<\/li>\n<li>6x luknjani listi<\/li>\n<li>kvaliteten papir vi\u0161je gramature<\/li>\n<li>brez\u010drtni listi (brez tiska)<\/li>\n<li>na voljo razli\u010dne barve akte<\/li>\n<\/ul>\n<p style=\"text-align: left;\">\n","protected":false},"featured_media":4212,"comment_status":"open","ping_status":"closed","template":"","meta":[],"product_brand":[76],"product_cat":[143],"product_tag":[98,138,137,139,99],"class_list":{"0":"post-5177","1":"product","2":"type-product","3":"status-publish","4":"has-post-thumbnail","6":"product_brand-rokovniki-vivir","7":"product_cat-pisarna","8":"product_tag-rokovnik","9":"product_tag-rokovnik2023","10":"product_tag-rokovnikakta","11":"product_tag-rokovnikivivir","12":"product_tag-tedenski-rokovnik","13":"wcpa_has_options","15":"first","16":"instock","17":"shipping-taxable","18":"purchasable","19":"product-type-variable"},"jetpack_sharing_enabled":true,"_links":{"self":[{"href":"https:\/\/rokovnikivivir.si\/sl\/wp-json\/wp\/v2\/product\/5177","targetHints":{"allow":["GET"]}}],"collection":[{"href":"https:\/\/rokovnikivivir.si\/sl\/wp-json\/wp\/v2\/product"}],"about":[{"href":"https:\/\/rokovnikivivir.si\/sl\/wp-json\/wp\/v2\/types\/product"}],"replies":[{"embeddable":true,"href":"https:\/\/rokovnikivivir.si\/sl\/wp-json\/wp\/v2\/comments?post=5177"}],"wp:featuredmedia":[{"embeddable":true,"href":"https:\/\/rokovnikivivir.si\/sl\/wp-json\/wp\/v2\/media\/4212"}],"wp:attachment":[{"href":"https:\/\/rokovnikivivir.si\/sl\/wp-json\/wp\/v2\/media?parent=5177"}],"wp:term":[{"taxonomy":"product_brand","embeddable":true,"href":"https:\/\/rokovnikivivir.si\/sl\/wp-json\/wp\/v2\/product_brand?post=5177"},{"taxonomy":"product_cat","embeddable":true,"href":"https:\/\/rokovnikivivir.si\/sl\/wp-json\/wp\/v2\/product_cat?post=5177"},{"taxonomy":"product_tag","embeddable":true,"href":"https:\/\/rokovnikivivir.si\/sl\/wp-json\/wp\/v2\/product_tag?post=5177"}],"curies":[{"name":"wp","href":"https:\/\/api.w.org\/{rel}","templated":true}]}}