{"id":5154,"date":"2023-07-30T12:00:27","date_gmt":"2023-07-30T12:00:27","guid":{"rendered":"https:\/\/rokovnikivivir.si\/?post_type=product&#038;p=5154"},"modified":"2026-02-04T19:50:03","modified_gmt":"2026-02-04T19:50:03","slug":"financnik","status":"publish","type":"product","link":"https:\/\/rokovnikivivir.si\/sl\/izdelek\/financnik\/","title":{"rendered":"FINAN\u010cNIK | INSERTI"},"content":{"rendered":"<p style=\"text-align: left;\">Imeti finance pod nadzorom? Mala malca\ud83d\ude09<\/p>\n<p>S tem finan\u010dnikom bo\u0161 vedno vedela vse o svojih prihodkih in izdatkih in \u0161e privar\u010devala bo\u0161 \ud83d\ude4c\ud83c\udffb<\/p>\n<p>Kako je sestavljen?<\/p>\n<p>Na za\u010detku ima\u0161 prostor za vpis razli\u010dnih kategorij in podkategorij, za katere porablja\u0161 denar. Zapi\u0161e\u0161 jih sama, saj sama najbolj ve\u0161 za kaj zapravlja\u0161 \ud83d\udc40\ud83d\ude05 dolo\u010di\u0161 si lahko tudi budget (priporo\u010dam ti, da najprej nekaj mesecev spremlja\u0161 svoje odhodke, da si lahko potem postavi\u0161 realen budget, ki ga bo\u0161 lahko upo\u0161tevala).<\/p>\n<p>Nato je \u010dez dve strani prostor za vpis posameznih odhodkov, v kolikor bo\u0161 bele\u017eila prav vse odhodke, ki jih ima\u0161.<\/p>\n<p>Zadnja stran pa je namenjena vpisu prihodkov in izra\u010dunu kon\u010dnega stanja.<\/p>\n<p>In tako bo\u0161 lahko vpisovala kar 16 mesecev\ud83d\udcaa\ud83c\udffc mislim da je to odli\u010dna re\u0161itev, \u010de se tudi ti na koncu meseca spra\u0161uje\u0161 \u201ckam gre ves denar\u201d\ud83d\ude48<\/p>\n<p>Ko ima\u0161 enkrat finance pod nadzorom, bo\u0161 kraljevala \ud83d\udc51<\/p>\n<p>&nbsp;<\/p>\n<p style=\"text-align: left;\">OPOMBA:<br \/>\nAkta NI prilo\u017eena<\/p>\n<p>&nbsp;<\/p>\n<p><strong>P. S. : To je PREDNARO\u010cILO. Po\u0161iljati za\u010dnemo \u0161ele v drugi polovici avgusta!\u00a0<\/strong><\/p>\n<p style=\"text-align: left;\">\n","protected":false},"excerpt":{"rendered":"<ul style=\"text-align: left;\">\n<li>listi velikosti a5<\/li>\n<li>6x luknjani listi<\/li>\n<li>kvaliteten papir vi\u0161je gramature<\/li>\n<li>tiskano v Sloveniji<\/li>\n<li>za vpisovanje 16 mesecev<\/li>\n<\/ul>\n<p style=\"text-align: left;\">AKTA NI PRILO\u017dENA!<\/p>\n","protected":false},"featured_media":5155,"comment_status":"open","ping_status":"closed","template":"","meta":[],"product_brand":[76],"product_cat":[206],"product_tag":[168,139],"class_list":{"0":"post-5154","1":"product","2":"type-product","3":"status-publish","4":"has-post-thumbnail","6":"product_brand-rokovniki-vivir","7":"product_cat-dodatki","8":"product_tag-financnik","9":"product_tag-rokovnikivivir","11":"first","12":"instock","13":"shipping-taxable","14":"purchasable","15":"product-type-simple"},"jetpack_sharing_enabled":true,"_links":{"self":[{"href":"https:\/\/rokovnikivivir.si\/sl\/wp-json\/wp\/v2\/product\/5154","targetHints":{"allow":["GET"]}}],"collection":[{"href":"https:\/\/rokovnikivivir.si\/sl\/wp-json\/wp\/v2\/product"}],"about":[{"href":"https:\/\/rokovnikivivir.si\/sl\/wp-json\/wp\/v2\/types\/product"}],"replies":[{"embeddable":true,"href":"https:\/\/rokovnikivivir.si\/sl\/wp-json\/wp\/v2\/comments?post=5154"}],"wp:featuredmedia":[{"embeddable":true,"href":"https:\/\/rokovnikivivir.si\/sl\/wp-json\/wp\/v2\/media\/5155"}],"wp:attachment":[{"href":"https:\/\/rokovnikivivir.si\/sl\/wp-json\/wp\/v2\/media?parent=5154"}],"wp:term":[{"taxonomy":"product_brand","embeddable":true,"href":"https:\/\/rokovnikivivir.si\/sl\/wp-json\/wp\/v2\/product_brand?post=5154"},{"taxonomy":"product_cat","embeddable":true,"href":"https:\/\/rokovnikivivir.si\/sl\/wp-json\/wp\/v2\/product_cat?post=5154"},{"taxonomy":"product_tag","embeddable":true,"href":"https:\/\/rokovnikivivir.si\/sl\/wp-json\/wp\/v2\/product_tag?post=5154"}],"curies":[{"name":"wp","href":"https:\/\/api.w.org\/{rel}","templated":true}]}}