{"id":5125,"date":"2023-07-30T12:00:37","date_gmt":"2023-07-30T12:00:37","guid":{"rendered":"https:\/\/rokovnikivivir.si\/?post_type=product&#038;p=5125"},"modified":"2024-08-05T15:12:14","modified_gmt":"2024-08-05T15:12:14","slug":"mesecni-namizni-planer-a4","status":"publish","type":"product","link":"https:\/\/rokovnikivivir.si\/sl\/izdelek\/mesecni-namizni-planer-a4\/","title":{"rendered":"MESE\u010cNI NAMIZNI PLANER A4"},"content":{"rendered":"<blockquote><p>Kadar ima\u0161 veliko opravkov skozi mesec, je tale mese\u010dni namizni planer\u010dek odli\u010den pripomo\u010dek, ki ti bo pri tem pomagal. Vse opravke bo\u0161 lahko naenkrat videla in tako ti ne bo ni\u010d u\u0161lo izpod nadzora.<\/p><\/blockquote>\n<ul>\n<li style=\"list-style-type: none;\">\n<ul>\n<li>Kvaliteten papir, ki prepre\u010duje pronicanje \u010drnila skozi<\/li>\n<li>Velikost je a4, kar je ravno prav, da je dovolj prostora za zapis vsakodnevnih nujnih opravkov.<\/li>\n<li>Barvni listi, ki po\u017eivijo vsak dan. 20 listov, s katerimi bo\u0161 lahko kar 20 mesecev planirala svoje dni.<\/li>\n<li>Ni datumsko ozna\u010den, tako da ga bo\u0161 lahko uporabljala kadar ga bo\u0161 potrebovala.<\/li>\n<\/ul>\n<\/li>\n<\/ul>\n","protected":false},"excerpt":{"rendered":"<ul>\n<li>20 listni namizni mese\u010dni planer\u010dek, za planiranje kar 20-ih mesecev<\/li>\n<li>Ni datumsko dolo\u010den<\/li>\n<li>Velikost a4<\/li>\n<li>Kvalitetni listi<\/li>\n<li>Lepljeno, da lahko list odlepi\u0161, ko ga ve\u010d ne potrebuje\u0161<\/li>\n<\/ul>\n","protected":false},"featured_media":5123,"comment_status":"open","ping_status":"closed","template":"","meta":[],"product_brand":[76],"product_cat":[143],"product_tag":[],"class_list":{"0":"post-5125","1":"product","2":"type-product","3":"status-publish","4":"has-post-thumbnail","6":"product_brand-rokovniki-vivir","7":"product_cat-pisarna","9":"first","10":"instock","11":"shipping-taxable","12":"purchasable","13":"product-type-simple"},"jetpack_sharing_enabled":true,"_links":{"self":[{"href":"https:\/\/rokovnikivivir.si\/sl\/wp-json\/wp\/v2\/product\/5125","targetHints":{"allow":["GET"]}}],"collection":[{"href":"https:\/\/rokovnikivivir.si\/sl\/wp-json\/wp\/v2\/product"}],"about":[{"href":"https:\/\/rokovnikivivir.si\/sl\/wp-json\/wp\/v2\/types\/product"}],"replies":[{"embeddable":true,"href":"https:\/\/rokovnikivivir.si\/sl\/wp-json\/wp\/v2\/comments?post=5125"}],"wp:featuredmedia":[{"embeddable":true,"href":"https:\/\/rokovnikivivir.si\/sl\/wp-json\/wp\/v2\/media\/5123"}],"wp:attachment":[{"href":"https:\/\/rokovnikivivir.si\/sl\/wp-json\/wp\/v2\/media?parent=5125"}],"wp:term":[{"taxonomy":"product_brand","embeddable":true,"href":"https:\/\/rokovnikivivir.si\/sl\/wp-json\/wp\/v2\/product_brand?post=5125"},{"taxonomy":"product_cat","embeddable":true,"href":"https:\/\/rokovnikivivir.si\/sl\/wp-json\/wp\/v2\/product_cat?post=5125"},{"taxonomy":"product_tag","embeddable":true,"href":"https:\/\/rokovnikivivir.si\/sl\/wp-json\/wp\/v2\/product_tag?post=5125"}],"curies":[{"name":"wp","href":"https:\/\/api.w.org\/{rel}","templated":true}]}}