{"id":5120,"date":"2023-07-30T12:00:47","date_gmt":"2023-07-30T12:00:47","guid":{"rendered":"https:\/\/rokovnikivivir.si\/?post_type=product&#038;p=5120"},"modified":"2024-08-05T15:12:34","modified_gmt":"2024-08-05T15:12:34","slug":"dnevni-namizni-planer-a5","status":"publish","type":"product","link":"https:\/\/rokovnikivivir.si\/sl\/izdelek\/dnevni-namizni-planer-a5\/","title":{"rendered":"DNEVNI NAMIZNI PLANER A5"},"content":{"rendered":"<blockquote><p>V kolikor potrebuje\u0161 imeti svoj dan splaniran v uro natan\u010dno, je tale dnevni namizni planer\u010dek odli\u010den pripomo\u010dek, ki ti bo pri tem pomagal.<\/p><\/blockquote>\n<ul>\n<li style=\"list-style-type: none;\">\n<ul>\n<li>Kvaliteten papir, ki prepre\u010duje pronicanje \u010drnila skozi<\/li>\n<li>Velikost je a5, kar je ravno prav, da tekst ki ga zapi\u0161e\u0161 ni stla\u010den<\/li>\n<li>Barvni listi, ki po\u017eivijo vsak dan. 50 listov, s katerimi bo\u0161 lahko kar nekaj \u010dasa planirala svoje dni.<\/li>\n<li>Ni datumsko ozna\u010den, tako da ga bo\u0161 lahko uporabljala kadar ga bo\u0161 potrebovala.<\/li>\n<\/ul>\n<\/li>\n<\/ul>\n","protected":false},"excerpt":{"rendered":"<ul>\n<li>50 listni namizni dnevni planer\u010dek<\/li>\n<li>Ni datumsko dolo\u010den<\/li>\n<li>Velikost a5<\/li>\n<li>Kvalitetni listi<\/li>\n<li>Lepljeno, da lahko list odlepi\u0161, ko ga ve\u010d ne potrebuje\u0161<\/li>\n<\/ul>\n","protected":false},"featured_media":5121,"comment_status":"open","ping_status":"closed","template":"","meta":[],"product_brand":[76],"product_cat":[143],"product_tag":[],"class_list":{"0":"post-5120","1":"product","2":"type-product","3":"status-publish","4":"has-post-thumbnail","6":"product_brand-rokovniki-vivir","7":"product_cat-pisarna","9":"first","10":"instock","11":"shipping-taxable","12":"purchasable","13":"product-type-simple"},"jetpack_sharing_enabled":true,"_links":{"self":[{"href":"https:\/\/rokovnikivivir.si\/sl\/wp-json\/wp\/v2\/product\/5120","targetHints":{"allow":["GET"]}}],"collection":[{"href":"https:\/\/rokovnikivivir.si\/sl\/wp-json\/wp\/v2\/product"}],"about":[{"href":"https:\/\/rokovnikivivir.si\/sl\/wp-json\/wp\/v2\/types\/product"}],"replies":[{"embeddable":true,"href":"https:\/\/rokovnikivivir.si\/sl\/wp-json\/wp\/v2\/comments?post=5120"}],"wp:featuredmedia":[{"embeddable":true,"href":"https:\/\/rokovnikivivir.si\/sl\/wp-json\/wp\/v2\/media\/5121"}],"wp:attachment":[{"href":"https:\/\/rokovnikivivir.si\/sl\/wp-json\/wp\/v2\/media?parent=5120"}],"wp:term":[{"taxonomy":"product_brand","embeddable":true,"href":"https:\/\/rokovnikivivir.si\/sl\/wp-json\/wp\/v2\/product_brand?post=5120"},{"taxonomy":"product_cat","embeddable":true,"href":"https:\/\/rokovnikivivir.si\/sl\/wp-json\/wp\/v2\/product_cat?post=5120"},{"taxonomy":"product_tag","embeddable":true,"href":"https:\/\/rokovnikivivir.si\/sl\/wp-json\/wp\/v2\/product_tag?post=5120"}],"curies":[{"name":"wp","href":"https:\/\/api.w.org\/{rel}","templated":true}]}}