{"id":4926,"date":"2022-12-06T11:24:34","date_gmt":"2022-12-06T11:24:34","guid":{"rendered":"http:\/\/rokovnikivivir.si\/?post_type=product&#038;p=4926"},"modified":"2026-02-04T19:55:04","modified_gmt":"2026-02-04T19:55:04","slug":"beli-razdelilniki-za-v-akto","status":"publish","type":"product","link":"https:\/\/rokovnikivivir.si\/sl\/izdelek\/beli-razdelilniki-za-v-akto\/","title":{"rendered":"BELI RAZDELILNIKI ZA V AKTO"},"content":{"rendered":"<p>V kolikor si rada organizirana in ima\u0161 vse na mestu potem ti poleg \u00a0<a href=\"http:\/\/rokovnikivivir.si\/izdelek\/letni-rokovnik2023\/\"><em><strong> akta<\/strong><\/em> <em><strong>rokovnika<\/strong><\/em>\u00a0\u00a0<\/a>\u00a0priporo\u010dam tudi razdelilnike \ud83d\udc4f\ud83c\udffc<\/p>\n<p>Z njihovo pomo\u010djo se bo\u0161 la\u017eje prebijala \u010dez goro zapiskov in obveznosti, ter hitreje na\u0161la iskano stran.<\/p>\n<p>V kompletu dobi\u0161 12 razdelilnikov na katere lahko sama zapi\u0161e\u0161 mesece ali pa kategorije, \u00a0lahko pa pusti\u0161 prazno, nalepi\u0161 nalepke, na njih kaj nari\u0161e\u0161\u2026<\/p>\n<p>Razdelilniki so skladni z vsemi na\u0161imi aktami v ponudbi in tudi barvnimi iz preteklih let \u270c\ud83c\udffc<\/p>\n<p>Na vsakem ovirku je unikatna ilustracija, to mapico pa lahko pozneje uporabi\u0161 \u0161e za shranjevanje drugih stvari\ud83d\ude01<\/p>\n","protected":false},"excerpt":{"rendered":"<p>12 kartonskih razdelilnikov v beli barvi<\/p>\n<p>skladni z vsemi aktami iz na\u0161e ponudbe<\/p>\n<p>velikost a5<\/p>\n<p>&nbsp;<\/p>\n","protected":false},"featured_media":4931,"comment_status":"open","ping_status":"closed","template":"","meta":[],"product_brand":[76],"product_cat":[206],"product_tag":[],"class_list":{"0":"post-4926","1":"product","2":"type-product","3":"status-publish","4":"has-post-thumbnail","6":"product_brand-rokovniki-vivir","7":"product_cat-dodatki","9":"first","10":"instock","11":"shipping-taxable","12":"purchasable","13":"product-type-simple"},"jetpack_sharing_enabled":true,"_links":{"self":[{"href":"https:\/\/rokovnikivivir.si\/sl\/wp-json\/wp\/v2\/product\/4926","targetHints":{"allow":["GET"]}}],"collection":[{"href":"https:\/\/rokovnikivivir.si\/sl\/wp-json\/wp\/v2\/product"}],"about":[{"href":"https:\/\/rokovnikivivir.si\/sl\/wp-json\/wp\/v2\/types\/product"}],"replies":[{"embeddable":true,"href":"https:\/\/rokovnikivivir.si\/sl\/wp-json\/wp\/v2\/comments?post=4926"}],"wp:featuredmedia":[{"embeddable":true,"href":"https:\/\/rokovnikivivir.si\/sl\/wp-json\/wp\/v2\/media\/4931"}],"wp:attachment":[{"href":"https:\/\/rokovnikivivir.si\/sl\/wp-json\/wp\/v2\/media?parent=4926"}],"wp:term":[{"taxonomy":"product_brand","embeddable":true,"href":"https:\/\/rokovnikivivir.si\/sl\/wp-json\/wp\/v2\/product_brand?post=4926"},{"taxonomy":"product_cat","embeddable":true,"href":"https:\/\/rokovnikivivir.si\/sl\/wp-json\/wp\/v2\/product_cat?post=4926"},{"taxonomy":"product_tag","embeddable":true,"href":"https:\/\/rokovnikivivir.si\/sl\/wp-json\/wp\/v2\/product_tag?post=4926"}],"curies":[{"name":"wp","href":"https:\/\/api.w.org\/{rel}","templated":true}]}}