{"id":4922,"date":"2022-12-06T08:25:38","date_gmt":"2022-12-06T08:25:38","guid":{"rendered":"http:\/\/rokovnikivivir.si\/?post_type=product&#038;p=4922"},"modified":"2023-07-25T09:27:12","modified_gmt":"2023-07-25T09:27:12","slug":"barvni-razdelilnik-za-v-akto","status":"publish","type":"product","link":"https:\/\/rokovnikivivir.si\/sl\/izdelek\/barvni-razdelilnik-za-v-akto\/","title":{"rendered":"BARVNI RAZDELILNIKI ZA V AKTO"},"content":{"rendered":"<p>V kolikor si rada organizirana in ima\u0161 vse na mestu potem ti poleg akta rokovnika\u00a0\u00a0<a href=\"http:\/\/rokovnikivivir.si\/izdelek\/letni-rokovnik2023\/\"><em><strong> akta<\/strong><\/em> <em><strong>rokovnika<\/strong><\/em>\u00a0\u00a0<\/a>\u00a0priporo\u010dam tudi razdelilnike \ud83d\udc4f\ud83c\udffc<\/p>\n<p>Z njihovo pomo\u010djo se bo\u0161 la\u017eje prebijala \u010dez goro zapiskov in obveznosti, ter hitreje na\u0161la iskano stran.<\/p>\n<p>V kompletu dobi\u0161 5 barvnih razdelilnikov na katere lahko sama zapi\u0161e\u0161 kategorijo ali pa pusti\u0161 prazno, ter se orientira\u0161 po barvah\ud83d\ude01<\/p>\n<p>Razdelilniki so skladni z vsemi na\u0161imi aktami v ponudbi in tudi barvnimi iz preteklih let \u270c\ud83c\udffc<\/p>\n<p>&nbsp;<\/p>\n<p>&nbsp;<\/p>\n","protected":false},"excerpt":{"rendered":"<p>Barvni razdelilniki<\/p>\n<p>5 razdelilnikov<\/p>\n<p>velikost a5<\/p>\n<p>skladni z vsemi na\u0161imi rokovniki<\/p>\n<p>&nbsp;<\/p>\n","protected":false},"featured_media":4923,"comment_status":"open","ping_status":"closed","template":"","meta":[],"product_brand":[76],"product_cat":[166],"product_tag":[146,145,147,144],"class_list":{"0":"post-4922","1":"product","2":"type-product","3":"status-publish","4":"has-post-thumbnail","6":"product_brand-rokovniki-vivir","7":"product_cat-rokovniki","8":"product_tag-barvni-razdelilnik","9":"product_tag-dodatki-za-akto","10":"product_tag-plasticni-razdelilnik","11":"product_tag-razdelilnik","13":"first","14":"instock","15":"shipping-taxable","16":"purchasable","17":"product-type-simple"},"jetpack_sharing_enabled":true,"_links":{"self":[{"href":"https:\/\/rokovnikivivir.si\/sl\/wp-json\/wp\/v2\/product\/4922","targetHints":{"allow":["GET"]}}],"collection":[{"href":"https:\/\/rokovnikivivir.si\/sl\/wp-json\/wp\/v2\/product"}],"about":[{"href":"https:\/\/rokovnikivivir.si\/sl\/wp-json\/wp\/v2\/types\/product"}],"replies":[{"embeddable":true,"href":"https:\/\/rokovnikivivir.si\/sl\/wp-json\/wp\/v2\/comments?post=4922"}],"wp:featuredmedia":[{"embeddable":true,"href":"https:\/\/rokovnikivivir.si\/sl\/wp-json\/wp\/v2\/media\/4923"}],"wp:attachment":[{"href":"https:\/\/rokovnikivivir.si\/sl\/wp-json\/wp\/v2\/media?parent=4922"}],"wp:term":[{"taxonomy":"product_brand","embeddable":true,"href":"https:\/\/rokovnikivivir.si\/sl\/wp-json\/wp\/v2\/product_brand?post=4922"},{"taxonomy":"product_cat","embeddable":true,"href":"https:\/\/rokovnikivivir.si\/sl\/wp-json\/wp\/v2\/product_cat?post=4922"},{"taxonomy":"product_tag","embeddable":true,"href":"https:\/\/rokovnikivivir.si\/sl\/wp-json\/wp\/v2\/product_tag?post=4922"}],"curies":[{"name":"wp","href":"https:\/\/api.w.org\/{rel}","templated":true}]}}