{"id":4768,"date":"2022-08-08T15:43:38","date_gmt":"2022-08-08T15:43:38","guid":{"rendered":"http:\/\/rokovnikivivir.si\/?post_type=product&#038;p=4768"},"modified":"2026-02-04T19:55:20","modified_gmt":"2026-02-04T19:55:20","slug":"cashbinder","status":"publish","type":"product","link":"https:\/\/rokovnikivivir.si\/sl\/izdelek\/cashbinder\/","title":{"rendered":"CASHBINDER"},"content":{"rendered":"<p>\u2728 CASHBINDER \u2728<\/p>\n<p>\u2734\ufe0fKaj je cashbinder?<br \/>\nPomo\u010d pri var\u010devanju.<\/p>\n<p>To je mapica v kateri je karton\u010dek s kategorijo, za katero imate pripravljen dolo\u010den budget.<\/p>\n<p>\u2734\ufe0fKako ga uporabljate?<br \/>\nRazlo\u017eim na primeru.<\/p>\n<p>V enem mesecu za tank porabite 200\u20ac. V mapico si vsak mesec shranite 200\u20ac in si zapisujete kdaj ta denar porabljate za pla\u010dilo. Tako imate vedno pod nadzorom kam in kdaj gre va\u0161 denar. Enako lahko storite za druge kategorije (selfcare, dru\u017eenja, trgovina, &#8230;)<\/p>\n<p>\u2734\ufe0f Kaj dobite v kompletu?<br \/>\n5 mapic in 10 karton\u010dkov.<br \/>\nJe pa ta mapica v velikosti A5 da to\u010dno pa\u0161e v na\u0161e obstoje\u010de binderje &#8211; lahko dobite tudi komplet mapic in binderja \ud83c\udf80<\/p>\n<p>\ud83e\udd0dGre za pomo\u010dnika pri var\u010devanju. Spremljanje svojih odhodkov.\ud83e\udd0d<\/p>\n","protected":false},"excerpt":{"rendered":"<p>Komplet 5 mapic in 10 karton\u010dkov namenjenih var\u010devanju.<\/p>\n<p>Preprosto jih vstavite v akto.<\/p>\n","protected":false},"featured_media":4770,"comment_status":"open","ping_status":"closed","template":"","meta":[],"product_brand":[76],"product_cat":[206],"product_tag":[106,190,189,139],"class_list":{"0":"post-4768","1":"product","2":"type-product","3":"status-publish","4":"has-post-thumbnail","6":"product_brand-rokovniki-vivir","7":"product_cat-dodatki","8":"product_tag-akta","9":"product_tag-cashbinder","10":"product_tag-dodatki","11":"product_tag-rokovnikivivir","13":"first","14":"instock","15":"shipping-taxable","16":"purchasable","17":"product-type-simple"},"jetpack_sharing_enabled":true,"_links":{"self":[{"href":"https:\/\/rokovnikivivir.si\/sl\/wp-json\/wp\/v2\/product\/4768","targetHints":{"allow":["GET"]}}],"collection":[{"href":"https:\/\/rokovnikivivir.si\/sl\/wp-json\/wp\/v2\/product"}],"about":[{"href":"https:\/\/rokovnikivivir.si\/sl\/wp-json\/wp\/v2\/types\/product"}],"replies":[{"embeddable":true,"href":"https:\/\/rokovnikivivir.si\/sl\/wp-json\/wp\/v2\/comments?post=4768"}],"wp:featuredmedia":[{"embeddable":true,"href":"https:\/\/rokovnikivivir.si\/sl\/wp-json\/wp\/v2\/media\/4770"}],"wp:attachment":[{"href":"https:\/\/rokovnikivivir.si\/sl\/wp-json\/wp\/v2\/media?parent=4768"}],"wp:term":[{"taxonomy":"product_brand","embeddable":true,"href":"https:\/\/rokovnikivivir.si\/sl\/wp-json\/wp\/v2\/product_brand?post=4768"},{"taxonomy":"product_cat","embeddable":true,"href":"https:\/\/rokovnikivivir.si\/sl\/wp-json\/wp\/v2\/product_cat?post=4768"},{"taxonomy":"product_tag","embeddable":true,"href":"https:\/\/rokovnikivivir.si\/sl\/wp-json\/wp\/v2\/product_tag?post=4768"}],"curies":[{"name":"wp","href":"https:\/\/api.w.org\/{rel}","templated":true}]}}