{"id":4746,"date":"2022-08-03T17:39:48","date_gmt":"2022-08-03T17:39:48","guid":{"rendered":"http:\/\/rokovnikivivir.si\/?post_type=product&#038;p=4746"},"modified":"2023-07-25T09:26:49","modified_gmt":"2023-07-25T09:26:49","slug":"motivacijski-dnevnik-natisni-si-sama","status":"publish","type":"product","link":"https:\/\/rokovnikivivir.si\/sl\/izdelek\/motivacijski-dnevnik-natisni-si-sama\/","title":{"rendered":"MOTIVACIJSKI DNEVNIK | Natisni si sama"},"content":{"rendered":"<p>Da se v vsakodnevnem stresu ne izgubi\u0161 in ne razmi\u0161lja\u0161 \u010drnogledo ti lahko pomaga \u017ee 5 minut self-care(a) za bolj\u0161e po\u010dutje. Najdi stvari za katere si hvale\u017ena in si tako polep\u0161aj dan. Zapisuj si svoje po\u010dutje in s tem lahko tudi spremljaj kdaj in zakaj si (ne)sre\u010dna, lahko pa ga uporabi\u0161 tudi kot dnevnik.<\/p>\n<p>Datoteka je pripravljena iz 4 strani (dveh listov). Dve strani dnevnega bele\u017eenja hvale\u017enosti, stran za tedenski povzetek ter \u010drtasta stran za dalj\u0161e zapise.<\/p>\n<p>Datoteko si preprosto shrani\u0161 na svoj ra\u010dunalnik in jo natisne\u0161 kadar potrebuje\u0161. Pripravljeno je kot A4 format, torej ko prepogne\u0161 A4 list, dobi\u0161 dva lista velikosti A5 v akti. Narejene so tudi pike, po katerih potem naredi\u0161 luknje, ki ustrezajo na\u0161im aktam.<\/p>\n<p>&nbsp;<\/p>\n<p>POZOR: fizi\u010dnega izdelka ne boste dobili, dobite samo datoteko za tisk.<\/p>\n<p>&nbsp;<\/p>\n<p>!!Datoteko je prepovedano razdajati in\/ali prodajati brez vednosti in dovoljenja avtorja.<\/p>\n","protected":false},"excerpt":{"rendered":"<p>NATISNI SI SAMA!<\/p>\n<p>Prejme\u0161 digitalno datoteko, katero si preprosto natisne\u0161 sama.<\/p>\n<p>Stran za vsakodnevno zapisovanje hvale\u017enosti.<br \/>\nTedenski pregled ter stran za dalj\u0161e zapise.<\/p>\n<p>Vsebuje 4 strani (2 lista).<\/p>\n<p>Narisani krogi, kjer se liste luknja, da ustrezajo velikosti na\u0161ih akt.<\/p>\n","protected":false},"featured_media":4736,"comment_status":"open","ping_status":"closed","template":"","meta":[],"product_brand":[76],"product_cat":[166],"product_tag":[],"class_list":{"0":"post-4746","1":"product","2":"type-product","3":"status-publish","4":"has-post-thumbnail","6":"product_brand-rokovniki-vivir","7":"product_cat-rokovniki","8":"product_shipping_class-142","10":"first","11":"instock","12":"downloadable","13":"virtual","14":"purchasable","15":"product-type-simple"},"jetpack_sharing_enabled":true,"_links":{"self":[{"href":"https:\/\/rokovnikivivir.si\/sl\/wp-json\/wp\/v2\/product\/4746","targetHints":{"allow":["GET"]}}],"collection":[{"href":"https:\/\/rokovnikivivir.si\/sl\/wp-json\/wp\/v2\/product"}],"about":[{"href":"https:\/\/rokovnikivivir.si\/sl\/wp-json\/wp\/v2\/types\/product"}],"replies":[{"embeddable":true,"href":"https:\/\/rokovnikivivir.si\/sl\/wp-json\/wp\/v2\/comments?post=4746"}],"wp:featuredmedia":[{"embeddable":true,"href":"https:\/\/rokovnikivivir.si\/sl\/wp-json\/wp\/v2\/media\/4736"}],"wp:attachment":[{"href":"https:\/\/rokovnikivivir.si\/sl\/wp-json\/wp\/v2\/media?parent=4746"}],"wp:term":[{"taxonomy":"product_brand","embeddable":true,"href":"https:\/\/rokovnikivivir.si\/sl\/wp-json\/wp\/v2\/product_brand?post=4746"},{"taxonomy":"product_cat","embeddable":true,"href":"https:\/\/rokovnikivivir.si\/sl\/wp-json\/wp\/v2\/product_cat?post=4746"},{"taxonomy":"product_tag","embeddable":true,"href":"https:\/\/rokovnikivivir.si\/sl\/wp-json\/wp\/v2\/product_tag?post=4746"}],"curies":[{"name":"wp","href":"https:\/\/api.w.org\/{rel}","templated":true}]}}