{"id":4741,"date":"2022-08-03T17:29:37","date_gmt":"2022-08-03T17:29:37","guid":{"rendered":"http:\/\/rokovnikivivir.si\/?post_type=product&#038;p=4741"},"modified":"2023-07-25T09:26:40","modified_gmt":"2023-07-25T09:26:40","slug":"dnevni-natisni-si-sama","status":"publish","type":"product","link":"https:\/\/rokovnikivivir.si\/sl\/izdelek\/dnevni-natisni-si-sama\/","title":{"rendered":"DNEVNI | Natisni si sama"},"content":{"rendered":"<p>Sestavi si svoj rokovnik, kjer je vsak dan razdeljen po urah. V datoteki prejme\u0161 dnevni pregled rokovnika \u010dez \u0161tiri strani z vsemi dodatki &#8211; prostor za tedenski pregled, to-do, kontakte&#8230;<\/p>\n<p>&nbsp;<\/p>\n<p>Datoteko si preprosto shrani\u0161 na svoj ra\u010dunalnik in jo natisne\u0161 kadar potrebuje\u0161. Pripravljeno je kot A4 format, torej ko prepogne\u0161 A4 list, dobi\u0161 dva lista velikosti A5 v rokovniku. Narejene so tudi pike, po katerih potem naredi\u0161 luknje, ki ustrezajo na\u0161im aktam.<\/p>\n<p>&nbsp;<\/p>\n<p>POZOR: fizi\u010dnega izdelka ne boste dobili, dobite samo datoteko za tisk.<\/p>\n<p>&nbsp;<\/p>\n<p>!!Datoteko je prepovedano razdajati in\/ali prodajati brez vednosti in dovoljenja avtorja.<\/p>\n","protected":false},"excerpt":{"rendered":"<p>NATISNI SI SAMA!<\/p>\n<p>Prejme\u0161 digitalno datoteko, katero si preprosto natisne\u0161 sama.<\/p>\n<p>Dnevni razpored brez datumov.<\/p>\n<p>Vsebuje 4 strani (2 lista).<\/p>\n<p>Narisani krogi, kjer se liste luknja, da ustrezajo velikosti na\u0161ih akt.<\/p>\n","protected":false},"featured_media":4733,"comment_status":"open","ping_status":"closed","template":"","meta":[],"product_brand":[76],"product_cat":[166],"product_tag":[],"class_list":{"0":"post-4741","1":"product","2":"type-product","3":"status-publish","4":"has-post-thumbnail","6":"product_brand-rokovniki-vivir","7":"product_cat-rokovniki","9":"first","10":"instock","11":"downloadable","12":"virtual","13":"purchasable","14":"product-type-simple"},"jetpack_sharing_enabled":true,"_links":{"self":[{"href":"https:\/\/rokovnikivivir.si\/sl\/wp-json\/wp\/v2\/product\/4741","targetHints":{"allow":["GET"]}}],"collection":[{"href":"https:\/\/rokovnikivivir.si\/sl\/wp-json\/wp\/v2\/product"}],"about":[{"href":"https:\/\/rokovnikivivir.si\/sl\/wp-json\/wp\/v2\/types\/product"}],"replies":[{"embeddable":true,"href":"https:\/\/rokovnikivivir.si\/sl\/wp-json\/wp\/v2\/comments?post=4741"}],"wp:featuredmedia":[{"embeddable":true,"href":"https:\/\/rokovnikivivir.si\/sl\/wp-json\/wp\/v2\/media\/4733"}],"wp:attachment":[{"href":"https:\/\/rokovnikivivir.si\/sl\/wp-json\/wp\/v2\/media?parent=4741"}],"wp:term":[{"taxonomy":"product_brand","embeddable":true,"href":"https:\/\/rokovnikivivir.si\/sl\/wp-json\/wp\/v2\/product_brand?post=4741"},{"taxonomy":"product_cat","embeddable":true,"href":"https:\/\/rokovnikivivir.si\/sl\/wp-json\/wp\/v2\/product_cat?post=4741"},{"taxonomy":"product_tag","embeddable":true,"href":"https:\/\/rokovnikivivir.si\/sl\/wp-json\/wp\/v2\/product_tag?post=4741"}],"curies":[{"name":"wp","href":"https:\/\/api.w.org\/{rel}","templated":true}]}}