{"id":4732,"date":"2022-08-03T17:24:01","date_gmt":"2022-08-03T17:24:01","guid":{"rendered":"http:\/\/rokovnikivivir.si\/?post_type=product&#038;p=4732"},"modified":"2023-07-25T09:26:09","modified_gmt":"2023-07-25T09:26:09","slug":"tedenski-natisni-si-sama","status":"publish","type":"product","link":"https:\/\/rokovnikivivir.si\/sl\/izdelek\/tedenski-natisni-si-sama\/","title":{"rendered":"TEDENSKI | Natisni si sama"},"content":{"rendered":"<p>Sestavi si svoj rokovnik. V kompletu te \u010daka mese\u010dni razpored, kamor lahko sama zapi\u0161e\u0161 datume in mesec. Zraven je \u0161e prostor za spremljanje mese\u010dnih navad. Tedenski razpored rokovnika \u010dez dve strani z vsemi dodatki &#8211; prostor za zapiske, to-do, prioritete&#8230;<\/p>\n<p>&nbsp;<\/p>\n<p>Datoteko si preprosto shrani\u0161 na svoj ra\u010dunalnik in jo natisne\u0161 kadar potrebuje\u0161. Pripravljeno je kot A4 format, torej ko prepogne\u0161 A4 list, dobi\u0161 dva lista velikosti A5 v rokovniku. Narejene so tudi pike, po katerih potem naredi\u0161 luknje, ki ustrezajo na\u0161im aktam.<\/p>\n<p>&nbsp;<\/p>\n<p>POZOR: fizi\u010dnega izdelka ne boste dobili, dobite samo datoteko za tisk.<\/p>\n<p>&nbsp;<\/p>\n<p>!!Datoteko je prepovedano razdajati in\/ali prodajati brez vednosti in dovoljenja avtorja.<\/p>\n","protected":false},"excerpt":{"rendered":"<p>NATISNI SI SAMA!<\/p>\n<p>Prejme\u0161 digitalno datoteko, katero si preprosto natisne\u0161 sama.<\/p>\n<p>Mese\u010dni in tedenski razpored brez datumov.<\/p>\n<p>Vsebuje 4 strani (2 lista) &#8211; \u010dez 2 strani je mese\u010dni in \u010dez drugi 2 tedenski razpored.<\/p>\n<p>Narisani krogi, kjer se liste luknja, da ustrezajo velikosti na\u0161ih akt.<\/p>\n","protected":false},"featured_media":4738,"comment_status":"open","ping_status":"closed","template":"","meta":[],"product_brand":[76],"product_cat":[166],"product_tag":[],"class_list":{"0":"post-4732","1":"product","2":"type-product","3":"status-publish","4":"has-post-thumbnail","6":"product_brand-rokovniki-vivir","7":"product_cat-rokovniki","9":"first","10":"instock","11":"downloadable","12":"virtual","13":"purchasable","14":"product-type-simple"},"jetpack_sharing_enabled":true,"_links":{"self":[{"href":"https:\/\/rokovnikivivir.si\/sl\/wp-json\/wp\/v2\/product\/4732","targetHints":{"allow":["GET"]}}],"collection":[{"href":"https:\/\/rokovnikivivir.si\/sl\/wp-json\/wp\/v2\/product"}],"about":[{"href":"https:\/\/rokovnikivivir.si\/sl\/wp-json\/wp\/v2\/types\/product"}],"replies":[{"embeddable":true,"href":"https:\/\/rokovnikivivir.si\/sl\/wp-json\/wp\/v2\/comments?post=4732"}],"wp:featuredmedia":[{"embeddable":true,"href":"https:\/\/rokovnikivivir.si\/sl\/wp-json\/wp\/v2\/media\/4738"}],"wp:attachment":[{"href":"https:\/\/rokovnikivivir.si\/sl\/wp-json\/wp\/v2\/media?parent=4732"}],"wp:term":[{"taxonomy":"product_brand","embeddable":true,"href":"https:\/\/rokovnikivivir.si\/sl\/wp-json\/wp\/v2\/product_brand?post=4732"},{"taxonomy":"product_cat","embeddable":true,"href":"https:\/\/rokovnikivivir.si\/sl\/wp-json\/wp\/v2\/product_cat?post=4732"},{"taxonomy":"product_tag","embeddable":true,"href":"https:\/\/rokovnikivivir.si\/sl\/wp-json\/wp\/v2\/product_tag?post=4732"}],"curies":[{"name":"wp","href":"https:\/\/api.w.org\/{rel}","templated":true}]}}