{"id":4615,"date":"2022-03-13T11:08:22","date_gmt":"2022-03-13T11:08:22","guid":{"rendered":"http:\/\/rokovnikivivir.si\/?post_type=product&#038;p=4615"},"modified":"2025-03-21T21:24:52","modified_gmt":"2025-03-21T21:24:52","slug":"baby-shower-igre","status":"publish","type":"product","link":"https:\/\/rokovnikivivir.si\/sl\/izdelek\/baby-shower-igre\/","title":{"rendered":"BABY SHOWER IGRE | NEVTRALNIH BARV"},"content":{"rendered":"<p>Pred tabo je komplet najbolj aktualnih in zabavnih BABYSHOWER iger!<br \/>\n&amp; kaj je najbolj\u0161a stvar? &#8211; Da jih lahko natisne\u0161 kar sama, doma. To pomeni, da jih bo\u0161 prejela \u0161e isti dan, kot bo\u0161 pla\u010dala svoje naro\u010dilo. To pa bo ekspresno! \ud83d\ude09<\/p>\n<p>Igre so v nevtralnih, naravnih, zemeljskih barvah, tako da so primerne za babyshower neglede na to, ali pri\u010dakujete de\u010dka ali deklico.<\/p>\n<p>Kaj to\u010dno vsebuje komplet?<\/p>\n<p>Iz izku\u0161enj sode\u010d, sem ugotovila, katere so igre, ki jih je na babyshowerju najbolj zabavno igrati in niso dolgo\u010dasne ter ne trajajo celo ve\u010dnost.<br \/>\nIgre so zabavne za celo dru\u0161\u010dino, od najstarej\u0161ih, do najmlaj\u0161ih.<\/p>\n<ul>\n<li><strong>Tetke ugibamo\u00a0<\/strong><\/li>\n<\/ul>\n<p>To je osnovna &#8220;igra&#8221;, ki jo prejmejo vse udele\u017eenke in tukaj se vpi\u0161ejo predvidevanja o imenu, datumu rojstva, te\u017ei in velikosti, barvi las\/o\u010di&#8230;<\/p>\n<ul>\n<li><strong>Kdo pozna mami bolje?<\/strong><\/li>\n<\/ul>\n<p>Zabavna igra, v kateri bo\u0161 bolje spoznala nose\u010dko (ugotovila bo\u0161, da marsikatere stvari o njej \u0161e ne ve\u0161, na primer &#8211; raje bere knjigo ali gleda film? ima raje diamante ali biser\u010dke? In \u0161e mnogo ve\u010d).<\/p>\n<ul>\n<li><strong>Abeceda otro\u0161kih stvari<\/strong><\/li>\n<\/ul>\n<p>Za vsako \u010drko abecede ugotovi eno stvar, ki se nana\u0161a na otro\u0161ke stvari\/nose\u010dnost&#8230; Na koncu skupaj pregledate odgovore in zmaga tista, ki ima najve\u010d unikatnih odgovorov. Kak\u0161na je nagrada? Izmislite si jo same, ali pa nose\u010dka \ud83d\ude09 naj bo zabavno!<\/p>\n<ul>\n<li><strong>Koliko let \u0161teje bodo\u010da mamica na fotografiji?<\/strong><\/li>\n<\/ul>\n<p>Izberite nekaj fotografij nose\u010dke in nato ugotavljajte koliko je stara na dolo\u010deni fotografiji. To je igra v kateri boste videle slike iz razli\u010dnega obdobja njenega \u017eivljenja in morda \u010dez \u010das (ko bo rodila) ugotovite, kako ji je otro\u010dek podoben, v njeni mladosti \ud83d\ude42<\/p>\n<p>DRUGA DATOTEKA<\/p>\n<p>Prejme\u0161 tudi <strong>kupon\u010dke<\/strong>, ki jih mamica razre\u017ee ter razdeli med udele\u017eenke, da ji lahko potem kdaj prisko\u010dijo na pomo\u010d \ud83d\ude09<\/p>\n<p>&nbsp;<\/p>\n<p>S temi igrami popestrite vsako dru\u017eenje v pri\u010dakovanju na bodo\u010dega otro\u010di\u010dka.<br \/>\nPredloge so pripravljene tako, da so vse 4 igre spravljene na 2 a4 lista. Torej natisne\u0161 po eno datoteko na eno udele\u017eenko \ud83d\ude42 ne pozabi na nose\u010dko \ud83d\ude09<\/p>\n<p>&nbsp;<\/p>\n<p>Za igranje potrebujete:<br \/>\n1. Print iger za vsakega udele\u017eenca<\/p>\n<p>2. Kemi\u010dne svin\u010dnike<\/p>\n<p>3. 5 fotk nose\u010dke skozi \u017eivljenje<\/p>\n<p>4. \u0160karje za razrez kupon\u010dkov.<\/p>\n<p>&nbsp;<\/p>\n<p>GRATIS<\/p>\n<p>Dodatno prejme\u0161 \u0161e datoteko velikosti a4 (na njej sta dva dizajna), kjer ima\u0161 tekst &#8220;slikaj se z nose\u010dko&#8221; in &#8220;izpolni in skupaj s fotko nalepi v knjigico&#8221;. Ta print lahko da\u0161 v okvir ali pa samo prilo\u017ei\u0161 zraven, v kolikor jih potrebuje\u0161 (natisne\u0161 na a4 in razre\u017ee\u0161 na pol na dva a5 lista za male okvirje).<\/p>\n<p>&nbsp;<\/p>\n<p>Igre so pripravljene tako, da jih lahko uporabljate za oba spola.<\/p>\n","protected":false},"excerpt":{"rendered":"<p>Babyshower igre, ki si jih lahko natisne\u0161 kar doma.<br \/>\nKomplet vsebuje 4 igre:<\/p>\n<ol>\n<li>Tetke ugibamo.<\/li>\n<li>Kdo pozna mami bolje?<\/li>\n<li>Abeceda otro\u0161kih stvar.<\/li>\n<li>Koliko let \u0161teje bodo\u010da mamica na fotografiji?<\/li>\n<\/ol>\n<p>Druga datoteka pa so babyshower karton\u010dki, ki jih mamica razdeli udele\u017eenkam, da ji lahko kdaj prisko\u010dijo na pomo\u010d \ud83d\ude42<\/p>\n<p>&nbsp;<\/p>\n<p>GRATIS<\/p>\n<p>Dodatno prejme\u0161 \u0161e datoteko velikosti a4 (na njej sta dva dizajna), kjer ima\u0161 tekst &#8220;slikaj se z nose\u010dko&#8221; in &#8220;izpolni in skupaj s fotko nalepi v knjigico&#8221;. Ta print lahko da\u0161 v okvir ali pa samo prilo\u017ei\u0161 zraven, v kolikor jih potrebuje\u0161. (natisne\u0161 na a4 in razre\u017ee\u0161 na pol na dva a5 lista za male okvirje).<\/p>\n","protected":false},"featured_media":5761,"comment_status":"open","ping_status":"closed","template":"","meta":[],"product_brand":[76],"product_cat":[135],"product_tag":[],"class_list":{"0":"post-4615","1":"product","2":"type-product","3":"status-publish","4":"has-post-thumbnail","6":"product_brand-rokovniki-vivir","7":"product_cat-za-najmlajse","9":"first","10":"instock","11":"downloadable","12":"virtual","13":"purchasable","14":"product-type-simple"},"jetpack_sharing_enabled":true,"_links":{"self":[{"href":"https:\/\/rokovnikivivir.si\/sl\/wp-json\/wp\/v2\/product\/4615","targetHints":{"allow":["GET"]}}],"collection":[{"href":"https:\/\/rokovnikivivir.si\/sl\/wp-json\/wp\/v2\/product"}],"about":[{"href":"https:\/\/rokovnikivivir.si\/sl\/wp-json\/wp\/v2\/types\/product"}],"replies":[{"embeddable":true,"href":"https:\/\/rokovnikivivir.si\/sl\/wp-json\/wp\/v2\/comments?post=4615"}],"wp:featuredmedia":[{"embeddable":true,"href":"https:\/\/rokovnikivivir.si\/sl\/wp-json\/wp\/v2\/media\/5761"}],"wp:attachment":[{"href":"https:\/\/rokovnikivivir.si\/sl\/wp-json\/wp\/v2\/media?parent=4615"}],"wp:term":[{"taxonomy":"product_brand","embeddable":true,"href":"https:\/\/rokovnikivivir.si\/sl\/wp-json\/wp\/v2\/product_brand?post=4615"},{"taxonomy":"product_cat","embeddable":true,"href":"https:\/\/rokovnikivivir.si\/sl\/wp-json\/wp\/v2\/product_cat?post=4615"},{"taxonomy":"product_tag","embeddable":true,"href":"https:\/\/rokovnikivivir.si\/sl\/wp-json\/wp\/v2\/product_tag?post=4615"}],"curies":[{"name":"wp","href":"https:\/\/api.w.org\/{rel}","templated":true}]}}