{"id":4547,"date":"2022-03-12T17:39:43","date_gmt":"2022-03-12T17:39:43","guid":{"rendered":"http:\/\/rokovnikivivir.si\/?post_type=product&#038;p=4547"},"modified":"2026-03-28T03:36:19","modified_gmt":"2026-03-28T03:36:19","slug":"dnevnik-za-nosecnico","status":"publish","type":"product","link":"https:\/\/rokovnikivivir.si\/sl\/izdelek\/dnevnik-za-nosecnico\/","title":{"rendered":"DNEVNIK ZA NOSE\u010cNICO"},"content":{"rendered":"<p>Dnevnik za nose\u010dnico &#8211; 9 mese\u010dno potovanje bo postal pravi mali zaklad v eni knji\u017eici.\u00a0 Vanj bo\u0161 lahko skozi celotno nose\u010dnost bele\u017eila svoje ob\u010dutke, dodajala fotografije trebu\u0161\u010dka in zapisovala spomine.<\/p>\n<p>&nbsp;<\/p>\n<p>Dnevnik vsebuje:<\/p>\n<p>Prostor za bele\u017eenje pregledov &#8211; tako bo\u0161 imela zapisane vse preglede na enem mestu.<\/p>\n<p>Veliko uporabnih nasvetov za vsako trimese\u010dje posebej.<\/p>\n<p>Za vsak teden posebej je zapisano kaj se dogaja s tabo in s tvojim plodom, vse od za\u010detka razvoja iz jaj\u010deca.<\/p>\n<p>S partnerjem si lahko zapi\u0161eta vajina predvidevanja o spolu, barvi o\u010di in las ter predvidenem datumu in uri rojstva. Tako bosta lahko za nazaj preverila kak\u0161na so bila vajina ugibanja in kdo izmed vaju je pravilno ugotovil katero stvar.<\/p>\n<p>Veliko prostora je namenjenega tudi mislim, ki se tebi in ostalim porajajo, da si bo\u0161 res lahko zapomnila vsako stvar tega \u010dudovitega 9 mese\u010dnega potovanja.<\/p>\n<p>Pri vsakem tednu je prostor za fotko trebu\u0161\u010dka ali pa namesto tega doda\u0161 sliko ultrazvoka. Po \u017eelji lahko doda\u0161 tudi kak\u0161no drugo fotko, ki se ti je v tem tednu vtisnila v spomin. Dodatno si lahko zapi\u0161e\u0161 po\u010dutje, kaj ti najbolj ogdovarja jesti ter kaj ti ne pa\u0161e v dolo\u010denem tednu, datum pregleda, \u010de ga slu\u010dajno ima\u0161 v tem tednu ter zapiski. To so lahko tvoje osebne misli, lahko pa zabele\u017ei\u0161 kaj si izvedela na pregledu, &#8230;<\/p>\n<p>Vsak teden je zapisano, kaj se dogaja s tabo ter kaj s tvojim otro\u010di\u010dkom &#8211; tudi kako hitro raste in pridobiva na te\u017ei. ( podatki se lahko razlikujejo glede na razli\u010dne vire )<\/p>\n<p>Na koncu vsakega trimese\u010dja te \u010daka prostor za povzetek, kjer bo\u0161 lahko bolj na \u0161iroko vpisala kaj se ti dogaja ali pa dodala dodatne slikice&#8230;<\/p>\n<p>&nbsp;<\/p>\n<p>Dodatno:<\/p>\n<p>Ugibanje spola, kjer z razli\u010dnimi na\u010dini lahko sama predvidi\u0161 kak\u0161nega spola bo otrok, oziroma preverja\u0161 (v kolikor spol \u017ee ve\u0161), \u010de trditve res dr\u017eijo.<\/p>\n<p>Prostor za zapis imen, izmed katerih izbirata, ter kon\u010dno izbrano ime in njegov pomen (lahko tudi razlog, zakaj sta izbrala le-tega).<\/p>\n<p>Zapis papirologije, ki jo je potrebno urediti! ( Nujno je potrebno preveriti, \u010de je treba \u0161e kaj dodatno, saj se lahko ti podatki iz leta v leto spreminjajo).<\/p>\n<p>Prostor za zapis porodnega na\u010drta, z dodanimi izto\u010dnicami, s katerimi si lahko pomaga\u0161.<\/p>\n<p>Seznam za pakiranje porodne torbe, z predvpisanimi stvarmi in prostorom za zapis svojih.<\/p>\n<p>Nakupovalni seznam, kamor si lahko sama vpi\u0161e\u0161 kaj potrebuje\u0161.<\/p>\n<p>Porod &#8211; kako ve\u0161, da se je za\u010del in prostor za porodno zgodbo.<\/p>\n<p>Rojstvo otroka &#8211; zapis otrokovih podatkov in prostor za fotografije.<\/p>\n<p>Prostor za odtis rokice in nogice novorojen\u010dka.<\/p>\n<p>&nbsp;<\/p>\n<p>V dnevniku je prostor za fotografije v velikosti 9x13cm!<\/p>\n<p>&nbsp;<\/p>\n<p>Velikost dnevnika je A5, kar pomeni, da je priro\u010den in primeren za na vsako poli\u010dko.<\/p>\n<p>Platnice so trde in vezane kot knjiga, kar pomeni, da je kvaliteten in zdr\u017eljiv.<\/p>\n<p>Tudi videz in material platnice te bo o\u010daral!<\/p>\n<p>V notranjosti sta uporabljeni dve barvi, \u010drna in mareli\u010dna, kar pomeni da je minimalisti\u010den tako po vsebini kot po dizajnu.<\/p>\n<p>&nbsp;<\/p>\n","protected":false},"excerpt":{"rendered":"<p>Minimalisti\u010den dnevnik za nose\u010dnice &#8211; 9 mese\u010dno potovanje.<\/p>\n<p>Vse kar potrebuje\u0161, da si bo\u0161 svojo nose\u010dnost zapolnila kar najbolje!<\/p>\n<p>Velikost dnevnika A5.<\/p>\n<p>Trde platnice, izgled knjige.<\/p>\n<p>Platnice so na otip hrapave in res \u010dudovitega materiala.<\/p>\n<p>Vsebuje prostor za slike v velikosti 9 x 13cm!<\/p>\n<p>Kazalo:<\/p>\n<p><strong>Pregledi<\/strong><\/p>\n<p><strong>Prvo trimese\u010dje<\/strong><\/p>\n<ul>\n<li>Ugibanje spola<\/li>\n<li>Odzivi<\/li>\n<li>2-13 teden<\/li>\n<li>Povzetek<\/li>\n<\/ul>\n<p><strong>Drugo trimese\u010dje<\/strong><\/p>\n<ul>\n<li>Nasveti za ugibanje spola<\/li>\n<li>14-27 teden<\/li>\n<li>Razkritje spola<\/li>\n<li>Izbor imen<\/li>\n<li>Povzetek<\/li>\n<\/ul>\n<p><strong>Tretje trimese\u010dje<\/strong><\/p>\n<ul>\n<li>28 teden do poroda<\/li>\n<li>Moje misli<\/li>\n<li>Papirologija<\/li>\n<li>Porodni na\u010drt<\/li>\n<li>Pakiranje<\/li>\n<li>Nakupovalni seznam<\/li>\n<\/ul>\n<p><strong>Porod<\/strong><\/p>\n<ul>\n<li>Porodna zgodba<\/li>\n<li>Pozdravljen svet<\/li>\n<li>Odtis rokice in nogice<\/li>\n<\/ul>\n<p>&nbsp;<\/p>\n","protected":false},"featured_media":4575,"comment_status":"open","ping_status":"closed","template":"","meta":[],"product_brand":[76],"product_cat":[135],"product_tag":[133,130,105,131,132,129],"class_list":{"0":"post-4547","1":"product","2":"type-product","3":"status-publish","4":"has-post-thumbnail","6":"product_brand-rokovniki-vivir","7":"product_cat-za-najmlajse","8":"product_tag-9-mesecno-potovanje","9":"product_tag-belezenje-nosecnosti","10":"product_tag-dnevnik","11":"product_tag-dnevnik-nosecnosti","12":"product_tag-noseckin-dnevnik","13":"product_tag-nosecnost","15":"first","16":"instock","17":"shipping-taxable","18":"purchasable","19":"product-type-simple"},"jetpack_sharing_enabled":true,"_links":{"self":[{"href":"https:\/\/rokovnikivivir.si\/sl\/wp-json\/wp\/v2\/product\/4547","targetHints":{"allow":["GET"]}}],"collection":[{"href":"https:\/\/rokovnikivivir.si\/sl\/wp-json\/wp\/v2\/product"}],"about":[{"href":"https:\/\/rokovnikivivir.si\/sl\/wp-json\/wp\/v2\/types\/product"}],"replies":[{"embeddable":true,"href":"https:\/\/rokovnikivivir.si\/sl\/wp-json\/wp\/v2\/comments?post=4547"}],"wp:featuredmedia":[{"embeddable":true,"href":"https:\/\/rokovnikivivir.si\/sl\/wp-json\/wp\/v2\/media\/4575"}],"wp:attachment":[{"href":"https:\/\/rokovnikivivir.si\/sl\/wp-json\/wp\/v2\/media?parent=4547"}],"wp:term":[{"taxonomy":"product_brand","embeddable":true,"href":"https:\/\/rokovnikivivir.si\/sl\/wp-json\/wp\/v2\/product_brand?post=4547"},{"taxonomy":"product_cat","embeddable":true,"href":"https:\/\/rokovnikivivir.si\/sl\/wp-json\/wp\/v2\/product_cat?post=4547"},{"taxonomy":"product_tag","embeddable":true,"href":"https:\/\/rokovnikivivir.si\/sl\/wp-json\/wp\/v2\/product_tag?post=4547"}],"curies":[{"name":"wp","href":"https:\/\/api.w.org\/{rel}","templated":true}]}}