{"id":4513,"date":"2021-12-15T08:41:10","date_gmt":"2021-12-15T08:41:10","guid":{"rendered":"http:\/\/rokovnikivivir.si\/?post_type=product&#038;p=4513"},"modified":"2023-07-25T09:25:59","modified_gmt":"2023-07-25T09:25:59","slug":"tedenski-namizni-planer-a4","status":"publish","type":"product","link":"https:\/\/rokovnikivivir.si\/sl\/izdelek\/tedenski-namizni-planer-a4\/","title":{"rendered":"TEDENSKI NAMIZNI PLANER A4"},"content":{"rendered":"<blockquote>\n<p style=\"text-align: left;\">\u010ce veliko \u010dasa pre\u017eivi\u0161 za pisalno mizo je to lahko tvoj novi najbolj\u0161i prijatelj!<br \/>\nNamizni planer, v katerem se bodo zna\u0161le vse obveznosti in bodo vedno na dosegu roke in o\u010desa.<\/p>\n<\/blockquote>\n<ul>\n<li style=\"text-align: left;\">Kvaliteten papir, ki prepre\u010duje da bi \u010drnilo pronicalo skozi.<\/li>\n<li style=\"text-align: left;\">Velikost je A4, kar je ravno prav za zapis vsega pomembnega in se pomembne stvari ne izgubijo med vsemi podatki.<\/li>\n<li style=\"text-align: left;\">Barvni listi, ki po\u017eivijo \u0161e tako turoben dan. 50 listov, kar zadostuje za eno leto rednega pisanja ( 2 tedna si pa le vzemi dopust <span class=\"pq6dq46d tbxw36s4 knj5qynh kvgmc6g5 ditlmg2l oygrvhab nvdbi5me sf5mxxl7 gl3lb2sf hhz5lgdu\"><img loading=\"lazy\" decoding=\"async\" src=\"https:\/\/static.xx.fbcdn.net\/images\/emoji.php\/v9\/t52\/1\/16\/1f648.png\" alt=\"\ud83d\ude48\" width=\"16\" height=\"16\" \/><\/span> ).<\/li>\n<li style=\"text-align: left;\">Ni datumsko dolo\u010deno, kar pomeni, da ga lahko za\u010dne\u0161 uporabljati kadar to \u017eeli\u0161 in ga lahko uporablja\u0161 kadar ga potrebuje\u0161, ni nujno vsak teden\/dan !<\/li>\n<\/ul>\n","protected":false},"excerpt":{"rendered":"<p style=\"text-align: left;\">50 listni namizni planer.<\/p>\n<p>Ni datumsko o\u0161tevil\u010den.<\/p>\n<p>Velikost A4.<\/p>\n<p>Kvalitetni 100g\/m^2 listi.<\/p>\n<p>Lepljeni zgoraj, da list preprosto odstrani\u0161, ko ga ve\u010d ne potrebuje\u0161.<\/p>\n","protected":false},"featured_media":4523,"comment_status":"open","ping_status":"closed","template":"","meta":[],"product_brand":[76],"product_cat":[143],"product_tag":[],"class_list":{"0":"post-4513","1":"product","2":"type-product","3":"status-publish","4":"has-post-thumbnail","6":"product_brand-rokovniki-vivir","7":"product_cat-pisarna","9":"first","10":"instock","11":"shipping-taxable","12":"purchasable","13":"product-type-simple"},"jetpack_sharing_enabled":true,"_links":{"self":[{"href":"https:\/\/rokovnikivivir.si\/sl\/wp-json\/wp\/v2\/product\/4513","targetHints":{"allow":["GET"]}}],"collection":[{"href":"https:\/\/rokovnikivivir.si\/sl\/wp-json\/wp\/v2\/product"}],"about":[{"href":"https:\/\/rokovnikivivir.si\/sl\/wp-json\/wp\/v2\/types\/product"}],"replies":[{"embeddable":true,"href":"https:\/\/rokovnikivivir.si\/sl\/wp-json\/wp\/v2\/comments?post=4513"}],"wp:featuredmedia":[{"embeddable":true,"href":"https:\/\/rokovnikivivir.si\/sl\/wp-json\/wp\/v2\/media\/4523"}],"wp:attachment":[{"href":"https:\/\/rokovnikivivir.si\/sl\/wp-json\/wp\/v2\/media?parent=4513"}],"wp:term":[{"taxonomy":"product_brand","embeddable":true,"href":"https:\/\/rokovnikivivir.si\/sl\/wp-json\/wp\/v2\/product_brand?post=4513"},{"taxonomy":"product_cat","embeddable":true,"href":"https:\/\/rokovnikivivir.si\/sl\/wp-json\/wp\/v2\/product_cat?post=4513"},{"taxonomy":"product_tag","embeddable":true,"href":"https:\/\/rokovnikivivir.si\/sl\/wp-json\/wp\/v2\/product_tag?post=4513"}],"curies":[{"name":"wp","href":"https:\/\/api.w.org\/{rel}","templated":true}]}}