{"id":4499,"date":"2021-11-30T15:56:35","date_gmt":"2021-11-30T15:56:35","guid":{"rendered":"http:\/\/rokovnikivivir.si\/?post_type=product&#038;p=4499"},"modified":"2023-07-04T14:00:23","modified_gmt":"2023-07-04T14:00:23","slug":"abeceda-zivali","status":"publish","type":"product","link":"https:\/\/rokovnikivivir.si\/sl\/izdelek\/abeceda-zivali\/","title":{"rendered":"ABECEDA \u017dIVALI"},"content":{"rendered":"<p>Naj u\u010denje abecede postane zabavno in kreativno in to s pomo\u010djo digitalne knji\u017eice Abeceda \u017eivali. Za vsako \u010drko abecede je predstavljena ena \u017eival, ki jo s pomo\u010djo odtisa roke ali noge sami nari\u0161ete.<\/p>\n<p>V knji\u017eici je \u017ee odtis, s katerim si lahko pomagate in delate po njem ali pa naredite po svoje.\u00a0 Zraven pa je \u0161e prostor za u\u010denje velikih tiskanih \u010drk skupaj s prikazom pravilnega poteka pisanja \u010drke.<\/p>\n<p>&nbsp;<\/p>\n<p>POZOR izdelek je digitalen, kar pomeni da si ga prenesete na svoj ra\u010dunalnik, potem pa si lahko sproti natisnete ali celotno knji\u017eico ali pa le po eno \u010drko na enkrat.<\/p>\n<p>To pomeni da vam ne bomo ni\u010desar po\u0161iljali na va\u0161 naslov, vseeno pa ga zapi\u0161ete, da lahko pripravimo ra\u010dun, ki ga vam potem po\u0161ljemo po elektronski po\u0161ti.<\/p>\n<p><strong>Datoteko prejmete \u0161ele po prejetem pla\u010dilu.\u00a0<\/strong><\/p>\n<p>&nbsp;<\/p>\n<p>\u010ce so otroci \u0161e premladi za u\u010denje abecede ne skrbite. Vseeno lahko skupaj odtisnete rokice in nogice, star\u0161i jih dodelajte in \u010dez nekaj let bodo otroci z veseljem pogledovali svoje umetnine in se u\u010dili pisanja \u010drk.<\/p>\n<p>&nbsp;<\/p>\n<p>Nasvet; Odtise je najbolj\u0161e narediti na tr\u0161i papir &#8211; risalni list, \u0161eleshamer&#8230;<\/p>\n<p>&nbsp;<\/p>\n<p>V kolikor imate te\u017eave s prenosom nas kontaktirajte na rokovnikivivir@gmail.com ali preko socialnih omre\u017eij.<\/p>\n","protected":false},"excerpt":{"rendered":"<p style=\"text-align: left;\">U\u010denje slovenske abecede s pomo\u010djo \u017eivali.<\/p>\n<p>Ustvarjajte z odtisi rok in nog \u017eivali in se potem nau\u010dite \u0161e abecede in pisanja \u010drk.<\/p>\n<p>Digitalni izvod, ki si ga lahko shranite na ra\u010dunalnik, potem pa natisnete kolikokrat \u017eelite.<\/p>\n<p>&nbsp;<\/p>\n","protected":false},"featured_media":4502,"comment_status":"open","ping_status":"closed","template":"","meta":[],"product_brand":[76],"product_cat":[135],"product_tag":[],"class_list":{"0":"post-4499","1":"product","2":"type-product","3":"status-publish","4":"has-post-thumbnail","6":"product_brand-rokovniki-vivir","7":"product_cat-za-najmlajse","9":"first","10":"instock","11":"downloadable","12":"virtual","13":"purchasable","14":"product-type-simple"},"jetpack_sharing_enabled":true,"_links":{"self":[{"href":"https:\/\/rokovnikivivir.si\/sl\/wp-json\/wp\/v2\/product\/4499","targetHints":{"allow":["GET"]}}],"collection":[{"href":"https:\/\/rokovnikivivir.si\/sl\/wp-json\/wp\/v2\/product"}],"about":[{"href":"https:\/\/rokovnikivivir.si\/sl\/wp-json\/wp\/v2\/types\/product"}],"replies":[{"embeddable":true,"href":"https:\/\/rokovnikivivir.si\/sl\/wp-json\/wp\/v2\/comments?post=4499"}],"wp:featuredmedia":[{"embeddable":true,"href":"https:\/\/rokovnikivivir.si\/sl\/wp-json\/wp\/v2\/media\/4502"}],"wp:attachment":[{"href":"https:\/\/rokovnikivivir.si\/sl\/wp-json\/wp\/v2\/media?parent=4499"}],"wp:term":[{"taxonomy":"product_brand","embeddable":true,"href":"https:\/\/rokovnikivivir.si\/sl\/wp-json\/wp\/v2\/product_brand?post=4499"},{"taxonomy":"product_cat","embeddable":true,"href":"https:\/\/rokovnikivivir.si\/sl\/wp-json\/wp\/v2\/product_cat?post=4499"},{"taxonomy":"product_tag","embeddable":true,"href":"https:\/\/rokovnikivivir.si\/sl\/wp-json\/wp\/v2\/product_tag?post=4499"}],"curies":[{"name":"wp","href":"https:\/\/api.w.org\/{rel}","templated":true}]}}