{"id":4091,"date":"2021-08-09T15:46:48","date_gmt":"2021-08-09T15:46:48","guid":{"rendered":"http:\/\/rokovnikivivir.si\/?post_type=product&#038;p=4091"},"modified":"2025-05-28T19:23:09","modified_gmt":"2025-05-28T19:23:09","slug":"akta-motivacijski-dnevnik","status":"publish","type":"product","link":"https:\/\/rokovnikivivir.si\/sl\/izdelek\/akta-motivacijski-dnevnik\/","title":{"rendered":"AKTA + MOTIVACIJSKI DNEVNIK"},"content":{"rendered":"<p>Komplet AKTA in\u00a0<a href=\"https:\/\/rokovnikivivir.si\/sl\/product\/motivacijski-dnevnik\/\">MOTIVACIJSKI DNEVNIK<\/a>.<\/p>\n<p>Izberite barvo akte.<\/p>\n<p><img loading=\"lazy\" decoding=\"async\" class=\"alignnone size-medium wp-image-4819\" src=\"http:\/\/rokovnikivivir.si\/wp-content\/uploads\/2022\/09\/IMG_20220801_180945-225x300.jpg\" alt=\"\" width=\"225\" height=\"300\" srcset=\"https:\/\/rokovnikivivir.si\/wp-content\/uploads\/2022\/09\/IMG_20220801_180945-225x300.jpg 225w, https:\/\/rokovnikivivir.si\/wp-content\/uploads\/2022\/09\/IMG_20220801_180945-768x1024.jpg 768w, https:\/\/rokovnikivivir.si\/wp-content\/uploads\/2022\/09\/IMG_20220801_180945-1152x1536.jpg 1152w, https:\/\/rokovnikivivir.si\/wp-content\/uploads\/2022\/09\/IMG_20220801_180945-1536x2048.jpg 1536w, https:\/\/rokovnikivivir.si\/wp-content\/uploads\/2022\/09\/IMG_20220801_180945-9x12.jpg 9w, https:\/\/rokovnikivivir.si\/wp-content\/uploads\/2022\/09\/IMG_20220801_180945-1320x1760.jpg 1320w, https:\/\/rokovnikivivir.si\/wp-content\/uploads\/2022\/09\/IMG_20220801_180945-600x800.jpg 600w, https:\/\/rokovnikivivir.si\/wp-content\/uploads\/2022\/09\/IMG_20220801_180945-540x720.jpg 540w, https:\/\/rokovnikivivir.si\/wp-content\/uploads\/2022\/09\/IMG_20220801_180945-scaled.jpg 1920w\" sizes=\"auto, (max-width: 225px) 100vw, 225px\" \/><\/p>\n<p>V akti pa dobite 42 dnevni dnevnik hvale\u017enosti, ki vam bo v veliko pomo\u010d pri spoznavanju samega sebe.<\/p>\n<p>Skozi njega boste bele\u017eili svoje ob\u010dutke in po\u010dutje in s tem, boste lahko bolje spoznali svoje obna\u0161anje v razli\u010dnih situacijah in znali morda naslednji\u010d druga\u010de reagirati.<\/p>\n<p>V njem je tudi prostor za jutranjo rutino, ter vpra\u0161anja za spoznavanje sebe:<\/p>\n<p><img loading=\"lazy\" decoding=\"async\" class=\"alignnone size-medium wp-image-4866\" src=\"http:\/\/rokovnikivivir.si\/wp-content\/uploads\/2021\/08\/motivacijski-2-225x300.jpg\" alt=\"\" width=\"225\" height=\"300\" srcset=\"https:\/\/rokovnikivivir.si\/wp-content\/uploads\/2021\/08\/motivacijski-2-225x300.jpg 225w, https:\/\/rokovnikivivir.si\/wp-content\/uploads\/2021\/08\/motivacijski-2-768x1024.jpg 768w, https:\/\/rokovnikivivir.si\/wp-content\/uploads\/2021\/08\/motivacijski-2-9x12.jpg 9w, https:\/\/rokovnikivivir.si\/wp-content\/uploads\/2021\/08\/motivacijski-2-600x800.jpg 600w, https:\/\/rokovnikivivir.si\/wp-content\/uploads\/2021\/08\/motivacijski-2-540x720.jpg 540w, https:\/\/rokovnikivivir.si\/wp-content\/uploads\/2021\/08\/motivacijski-2-rotated.jpg 1080w\" sizes=\"auto, (max-width: 225px) 100vw, 225px\" \/><\/p>\n<p>&nbsp;<\/p>\n<p>&nbsp;<\/p>\n<p>*Barve akt so na voljo glede na zalogo.<\/p>\n","protected":false},"excerpt":{"rendered":"<p>Komplet AKTA in\u00a0<a href=\"https:\/\/rokovnikivivir.si\/sl\/product\/motivacijski-dnevnik\/\">MOTIVACIJSKI DNEVNIK<\/a>.<\/p>\n<p>42 dnevni motivacijski dnevnik &#8211; dnevnik hvale\u017enosti.<\/p>\n<p>&nbsp;<\/p>\n","protected":false},"featured_media":4867,"comment_status":"open","ping_status":"closed","template":"","meta":[],"product_brand":[76],"product_cat":[166],"product_tag":[106,105,103],"class_list":{"0":"post-4091","1":"product","2":"type-product","3":"status-publish","4":"has-post-thumbnail","6":"product_brand-rokovniki-vivir","7":"product_cat-rokovniki","8":"product_tag-akta","9":"product_tag-dnevnik","10":"product_tag-motivacijski-dnevnik","11":"pa_barva-bela-marmor","12":"pa_barva-crna-marmor","13":"wcpa_has_options","15":"first","16":"outofstock","17":"shipping-taxable","18":"purchasable","19":"product-type-simple"},"jetpack_sharing_enabled":true,"_links":{"self":[{"href":"https:\/\/rokovnikivivir.si\/sl\/wp-json\/wp\/v2\/product\/4091","targetHints":{"allow":["GET"]}}],"collection":[{"href":"https:\/\/rokovnikivivir.si\/sl\/wp-json\/wp\/v2\/product"}],"about":[{"href":"https:\/\/rokovnikivivir.si\/sl\/wp-json\/wp\/v2\/types\/product"}],"replies":[{"embeddable":true,"href":"https:\/\/rokovnikivivir.si\/sl\/wp-json\/wp\/v2\/comments?post=4091"}],"wp:featuredmedia":[{"embeddable":true,"href":"https:\/\/rokovnikivivir.si\/sl\/wp-json\/wp\/v2\/media\/4867"}],"wp:attachment":[{"href":"https:\/\/rokovnikivivir.si\/sl\/wp-json\/wp\/v2\/media?parent=4091"}],"wp:term":[{"taxonomy":"product_brand","embeddable":true,"href":"https:\/\/rokovnikivivir.si\/sl\/wp-json\/wp\/v2\/product_brand?post=4091"},{"taxonomy":"product_cat","embeddable":true,"href":"https:\/\/rokovnikivivir.si\/sl\/wp-json\/wp\/v2\/product_cat?post=4091"},{"taxonomy":"product_tag","embeddable":true,"href":"https:\/\/rokovnikivivir.si\/sl\/wp-json\/wp\/v2\/product_tag?post=4091"}],"curies":[{"name":"wp","href":"https:\/\/api.w.org\/{rel}","templated":true}]}}