{"id":4007,"date":"2021-08-06T08:34:13","date_gmt":"2021-08-06T08:34:13","guid":{"rendered":"http:\/\/rokovnikivivir.si\/?post_type=product&#038;p=4007"},"modified":"2025-05-28T19:22:23","modified_gmt":"2025-05-28T19:22:23","slug":"akta-motivacijski-dnevnik-bullet-journal","status":"publish","type":"product","link":"https:\/\/rokovnikivivir.si\/sl\/izdelek\/akta-motivacijski-dnevnik-bullet-journal\/","title":{"rendered":"AKTA + MOTIVACIJSKI DNEVNIK + BULLET JOURNAL"},"content":{"rendered":"<p style=\"text-align: center;\">Komplet AKTA, <a href=\"https:\/\/rokovnikivivir.si\/sl\/product\/bullet-journal\/\">BULLET JOURNAL<\/a>, <a href=\"https:\/\/rokovnikivivir.si\/sl\/product\/motivacijski-dnevnik\/\">MOTIVACIJSKI DNEVNIK<\/a>.<\/p>\n<p style=\"text-align: center;\">Izberite si akto v barvi po \u017eelji (v kolikor jih imamo na zalogi):<\/p>\n<p style=\"text-align: center;\">\n<p style=\"text-align: center;\">Bullet journal vsebuje 50 pik\u010dastih listov:<\/p>\n<p style=\"text-align: center;\"><img loading=\"lazy\" decoding=\"async\" class=\"alignnone size-medium wp-image-4835\" src=\"http:\/\/rokovnikivivir.si\/wp-content\/uploads\/2022\/09\/AKTICB-225x300.jpg\" alt=\"\" width=\"225\" height=\"300\" srcset=\"https:\/\/rokovnikivivir.si\/wp-content\/uploads\/2022\/09\/AKTICB-225x300.jpg 225w, https:\/\/rokovnikivivir.si\/wp-content\/uploads\/2022\/09\/AKTICB-768x1024.jpg 768w, https:\/\/rokovnikivivir.si\/wp-content\/uploads\/2022\/09\/AKTICB-9x12.jpg 9w, https:\/\/rokovnikivivir.si\/wp-content\/uploads\/2022\/09\/AKTICB-600x800.jpg 600w, https:\/\/rokovnikivivir.si\/wp-content\/uploads\/2022\/09\/AKTICB-540x720.jpg 540w, https:\/\/rokovnikivivir.si\/wp-content\/uploads\/2022\/09\/AKTICB.jpg 1080w\" sizes=\"auto, (max-width: 225px) 100vw, 225px\" \/><\/p>\n<p style=\"text-align: center;\"><img loading=\"lazy\" decoding=\"async\" class=\"alignnone size-medium wp-image-4706\" src=\"http:\/\/rokovnikivivir.si\/wp-content\/uploads\/2022\/07\/rumen23-225x300.jpg\" alt=\"\" width=\"225\" height=\"300\" srcset=\"https:\/\/rokovnikivivir.si\/wp-content\/uploads\/2022\/07\/rumen23-225x300.jpg 225w, https:\/\/rokovnikivivir.si\/wp-content\/uploads\/2022\/07\/rumen23-9x12.jpg 9w, https:\/\/rokovnikivivir.si\/wp-content\/uploads\/2022\/07\/rumen23-600x800.jpg 600w, https:\/\/rokovnikivivir.si\/wp-content\/uploads\/2022\/07\/rumen23-540x720.jpg 540w, https:\/\/rokovnikivivir.si\/wp-content\/uploads\/2022\/07\/rumen23.jpg 768w\" sizes=\"auto, (max-width: 225px) 100vw, 225px\" \/><\/p>\n<p style=\"text-align: center;\">Motivacijski dnevnik pa je 42-dnevni dnevnik hvale\u017enosti, kateremu je prilo\u017eeno \u0161e 10 pik\u010dastih listov:<\/p>\n<p style=\"text-align: center;\"><img loading=\"lazy\" decoding=\"async\" class=\"alignnone size-medium wp-image-4867\" src=\"http:\/\/rokovnikivivir.si\/wp-content\/uploads\/2021\/08\/mot.dnevnik-300x225.jpg\" alt=\"\" width=\"300\" height=\"225\" srcset=\"https:\/\/rokovnikivivir.si\/wp-content\/uploads\/2021\/08\/mot.dnevnik-300x225.jpg 300w, https:\/\/rokovnikivivir.si\/wp-content\/uploads\/2021\/08\/mot.dnevnik-1024x768.jpg 1024w, https:\/\/rokovnikivivir.si\/wp-content\/uploads\/2021\/08\/mot.dnevnik-768x576.jpg 768w, https:\/\/rokovnikivivir.si\/wp-content\/uploads\/2021\/08\/mot.dnevnik-16x12.jpg 16w, https:\/\/rokovnikivivir.si\/wp-content\/uploads\/2021\/08\/mot.dnevnik-1320x990.jpg 1320w, https:\/\/rokovnikivivir.si\/wp-content\/uploads\/2021\/08\/mot.dnevnik-540x405.jpg 540w, https:\/\/rokovnikivivir.si\/wp-content\/uploads\/2021\/08\/mot.dnevnik.jpg 1440w\" sizes=\"auto, (max-width: 300px) 100vw, 300px\" \/><\/p>\n<p>&nbsp;<\/p>\n<p style=\"text-align: center;\"><img loading=\"lazy\" decoding=\"async\" class=\"alignnone size-medium wp-image-4870\" src=\"http:\/\/rokovnikivivir.si\/wp-content\/uploads\/2021\/08\/bullet-300x225.jpg\" alt=\"\" width=\"300\" height=\"225\" srcset=\"https:\/\/rokovnikivivir.si\/wp-content\/uploads\/2021\/08\/bullet-300x225.jpg 300w, https:\/\/rokovnikivivir.si\/wp-content\/uploads\/2021\/08\/bullet-1024x768.jpg 1024w, https:\/\/rokovnikivivir.si\/wp-content\/uploads\/2021\/08\/bullet-768x576.jpg 768w, https:\/\/rokovnikivivir.si\/wp-content\/uploads\/2021\/08\/bullet-16x12.jpg 16w, https:\/\/rokovnikivivir.si\/wp-content\/uploads\/2021\/08\/bullet-1320x990.jpg 1320w, https:\/\/rokovnikivivir.si\/wp-content\/uploads\/2021\/08\/bullet-540x405.jpg 540w, https:\/\/rokovnikivivir.si\/wp-content\/uploads\/2021\/08\/bullet.jpg 1440w\" sizes=\"auto, (max-width: 300px) 100vw, 300px\" \/><\/p>\n<p style=\"text-align: center;\">Tako skupaj dobite kar 60 listov za pisanje in risanje svojih misli in idej, ob\u010dutkov ter umetnin.<\/p>\n","protected":false},"excerpt":{"rendered":"<p style=\"text-align: left;\">Komplet AKTA, <a href=\"https:\/\/rokovnikivivir.si\/sl\/product\/bullet-journal\/\">BULLET JOURNAL<\/a>, <a href=\"https:\/\/rokovnikivivir.si\/sl\/product\/motivacijski-dnevnik\/\">MOTIVACIJSKI DNEVNIK<\/a>.<\/p>\n<p>Akta je za liste velikosti A5.<\/p>\n<p>Izberite akto v barvi po \u017eelji.<\/p>\n<p>50 listni komplet bullet journal.<\/p>\n<p>42 dnevni motivacijski dnevnik- dnevnik hvale\u017enosti.<\/p>\n","protected":false},"featured_media":4867,"comment_status":"open","ping_status":"closed","template":"","meta":[],"product_brand":[76],"product_cat":[166],"product_tag":[106,108,105,103],"class_list":{"0":"post-4007","1":"product","2":"type-product","3":"status-publish","4":"has-post-thumbnail","6":"product_brand-rokovniki-vivir","7":"product_cat-rokovniki","8":"product_tag-akta","9":"product_tag-bullet-journal","10":"product_tag-dnevnik","11":"product_tag-motivacijski-dnevnik","12":"wcpa_has_options","14":"first","15":"outofstock","16":"shipping-taxable","17":"purchasable","18":"product-type-simple"},"jetpack_sharing_enabled":true,"_links":{"self":[{"href":"https:\/\/rokovnikivivir.si\/sl\/wp-json\/wp\/v2\/product\/4007","targetHints":{"allow":["GET"]}}],"collection":[{"href":"https:\/\/rokovnikivivir.si\/sl\/wp-json\/wp\/v2\/product"}],"about":[{"href":"https:\/\/rokovnikivivir.si\/sl\/wp-json\/wp\/v2\/types\/product"}],"replies":[{"embeddable":true,"href":"https:\/\/rokovnikivivir.si\/sl\/wp-json\/wp\/v2\/comments?post=4007"}],"wp:featuredmedia":[{"embeddable":true,"href":"https:\/\/rokovnikivivir.si\/sl\/wp-json\/wp\/v2\/media\/4867"}],"wp:attachment":[{"href":"https:\/\/rokovnikivivir.si\/sl\/wp-json\/wp\/v2\/media?parent=4007"}],"wp:term":[{"taxonomy":"product_brand","embeddable":true,"href":"https:\/\/rokovnikivivir.si\/sl\/wp-json\/wp\/v2\/product_brand?post=4007"},{"taxonomy":"product_cat","embeddable":true,"href":"https:\/\/rokovnikivivir.si\/sl\/wp-json\/wp\/v2\/product_cat?post=4007"},{"taxonomy":"product_tag","embeddable":true,"href":"https:\/\/rokovnikivivir.si\/sl\/wp-json\/wp\/v2\/product_tag?post=4007"}],"curies":[{"name":"wp","href":"https:\/\/api.w.org\/{rel}","templated":true}]}}