{"id":350,"date":"2021-01-20T06:01:46","date_gmt":"2021-01-20T06:01:46","guid":{"rendered":"http:\/\/learts.local\/?page_id=350"},"modified":"2025-03-21T20:03:46","modified_gmt":"2025-03-21T20:03:46","slug":"o-nas","status":"publish","type":"page","link":"https:\/\/rokovnikivivir.si\/sl\/o-nas\/","title":{"rendered":"O NAS"},"content":{"rendered":"<div class=\"vc_row wpb_row row\"><div class=\"wpb_column vc_column_container col-sm-12\"><div class=\"vc_column-inner \"><div class=\"wpb_wrapper\"><div class=\"vc_separator wpb_content_element vc_separator_align_center vc_sep_width_100 vc_sep_border_width_2 vc_sep_pos_align_center vc_sep_color_grey vc_separator-has-text\" ><span class=\"vc_sep_holder vc_sep_holder_l\"><span  class=\"vc_sep_line\"><\/span><\/span><div class=\"vc_icon_element vc_icon_element-outer vc_icon_element-align-left vc_icon_element-have-style\"><div class=\"vc_icon_element-inner vc_icon_element-color-chino vc_icon_element-have-style-inner vc_icon_element-size-md vc_icon_element-style-rounded vc_icon_element-background vc_icon_element-background-color-grey\" ><span class=\"vc_icon_element-icon fas fa-hashtag\" ><\/span><\/div><\/div><h4>Kako delujemo?<\/h4><span class=\"vc_sep_holder vc_sep_holder_r\"><span  class=\"vc_sep_line\"><\/span><\/span>\n<\/div><\/div><\/div><\/div><\/div><div data-vc-full-width=\"true\" data-vc-full-width-init=\"false\" class=\"vc_row wpb_row row\"><div class=\"wpb_column vc_column_container col-sm-4\"><div class=\"vc_column-inner \"><div class=\"wpb_wrapper\"><div style=\"font-size: 16px;color: #333333;line-height: 26px;text-align: center;font-family:Source Sans Pro;font-weight:600;font-style:normal\" class=\"vc_custom_heading ls-2 vc_custom_1610991886815\" >HITER ODZIV<\/div>\n\t<div class=\"wpb_text_column wpb_content_element  vc_custom_1742586141473\" >\n\t\t<div class=\"wpb_wrapper\">\n\t\t\t<p style=\"text-align: center;\">Po prejemu va\u0161ega naro\u010dila, bomo izdelek kar se da hitro uredili in vam ga poslali.<\/p>\n<p style=\"text-align: center;\">Izdelke na zalogi po\u0161ljemo v roku 1-4 delovnih dni, potem pa ima dostavljalec \u010dasa do 3 delovne dni za dostavo. V kolikor pride do kakr\u0161ne koli situacije, zaradi \u010desar bi bil izdelek oddan kasneje, vam to sporo\u010dimo preko maila.<\/p>\n<p>Za personalizirane izdelke si vzamemo malo ve\u010d \u010dasa, da jih lahko pripravimo tako kot je treba, zato je rok dobave lahko kak\u0161en dan dalj\u0161i.<\/p>\n<p>\u010ce naro\u010date stvari v prednaro\u010dilih, imate v opombah napisan tudi predviden rok dobave.<\/p>\n<p>\u010ce potrebujete izdelek v res kratkem \u010dasu, lahko to zapi\u0161ete v opombe in se potrudimo, da ga pripravimo prioritetno \ud83d\ude42<\/p>\n\n\t\t<\/div>\n\t<\/div>\n\n<div class=\"tm-shortcode learts-space\" id=\"learts-space-1\"><\/div>\n<\/div><\/div><\/div><div class=\"wpb_column vc_column_container col-sm-4\"><div class=\"vc_column-inner \"><div class=\"wpb_wrapper\"><div style=\"font-size: 16px;color: #333333;line-height: 26px;text-align: center;font-family:Source Sans Pro;font-weight:600;font-style:normal\" class=\"vc_custom_heading ls-2 vc_custom_1610992413803\" >BREZPLA\u010cNA VRA\u010cILA<\/div>\n\t<div class=\"wpb_text_column wpb_content_element  vc_custom_1742587423159\" >\n\t\t<div class=\"wpb_wrapper\">\n\t\t\t<p style=\"text-align: center;\">Vra\u010dila nepo\u0161kodovanega blaga so mo\u017ena v roku 14 dni od prejema paketa.<\/p>\n\n\t\t<\/div>\n\t<\/div>\n\n<div class=\"tm-shortcode learts-space\" id=\"learts-space-2\"><\/div>\n<\/div><\/div><\/div><div class=\"wpb_column vc_column_container col-sm-4\"><div class=\"vc_column-inner \"><div class=\"wpb_wrapper\"><div style=\"font-size: 16px;color: #333333;line-height: 26px;text-align: center;font-family:Source Sans Pro;font-weight:600;font-style:normal\" class=\"vc_custom_heading ls-2 vc_custom_1610998305773\" >ODLI\u010cNA KVALITETA<\/div>\n\t<div class=\"wpb_text_column wpb_content_element \" >\n\t\t<div class=\"wpb_wrapper\">\n\t\t\t<p style=\"text-align: center;\">Za na\u0161e izdelke izbiramo najbolj kvalitetne in obstojne materiale.<\/p>\n\n\t\t<\/div>\n\t<\/div>\n\n<div class=\"tm-shortcode learts-space\" id=\"learts-space-3\"><\/div>\n<\/div><\/div><\/div><\/div><div class=\"vc_row-full-width vc_clearfix\"><\/div><div class=\"vc_row wpb_row row\"><div class=\"wpb_column vc_column_container col-sm-12\"><div class=\"vc_column-inner \"><div class=\"wpb_wrapper\">\n<div class=\"tm-shortcode learts-space\" id=\"learts-space-4\"><\/div>\n<\/div><\/div><\/div><\/div><div class=\"vc_row wpb_row row\"><div class=\"wpb_column vc_column_container col-sm-4\"><div class=\"vc_column-inner \"><div class=\"wpb_wrapper\"><\/div><\/div><\/div><div class=\"wpb_column vc_column_container col-sm-4\"><div class=\"vc_column-inner \"><div class=\"wpb_wrapper\"><div style=\"font-size: 16px;color: #333333;line-height: 26px;text-align: center;font-family:Source Sans Pro;font-weight:600;font-style:normal\" class=\"vc_custom_heading ls-2 vc_custom_1742587270103\" >PODATKI O PODJETJU<\/div>\n\t<div class=\"wpb_text_column wpb_content_element \" >\n\t\t<div class=\"wpb_wrapper\">\n\t\t\t<p>Milan Ozimek s.p.<br \/>\nBor\u0161t 66<br \/>\n8361 Dvor<\/p>\n<p>Telefonski kontakt:<br \/>\n040 221 212<\/p>\n<p>Elektronski naslov:<br \/>\nrokovnikivivir@gmail.com<\/p>\n<p>&nbsp;<\/p>\n\n\t\t<\/div>\n\t<\/div>\n<\/div><\/div><\/div><div class=\"wpb_column vc_column_container col-sm-4\"><div class=\"vc_column-inner \"><div class=\"wpb_wrapper\"><\/div><\/div><\/div><\/div><div data-vc-full-width=\"true\" data-vc-full-width-init=\"false\" class=\"vc_row wpb_row row column-center footer-vc footer-social vc_custom_1547609128467 vc_row-has-fill\"><div class=\"wpb_column vc_column_container col-sm-12\"><div class=\"vc_column-inner vc_custom_1539936643949\"><div class=\"wpb_wrapper\">\n<div class=\"tm-shortcode learts-space\" id=\"learts-space-5\"><\/div>\n<\/div><\/div><\/div><\/div><div class=\"vc_row-full-width vc_clearfix\"><\/div><div data-vc-full-width=\"true\" data-vc-full-width-init=\"false\" class=\"vc_row wpb_row row column-center footer-vc footer-social vc_custom_1547609128467 vc_row-has-fill\"><div class=\"wpb_column vc_column_container col-sm-12\"><div class=\"vc_column-inner vc_custom_1539936643949\"><div class=\"wpb_wrapper\">\n<div class=\"tm-shortcode learts-space\" id=\"learts-space-6\"><\/div>\n\n\t<div  class=\"wpb_single_image wpb_content_element vc_align_center  vc_custom_1611165987635\">\n\t\t\n\t\t<figure class=\"wpb_wrapper vc_figure\">\n\t\t\t<div class=\"vc_single_image-wrapper   vc_box_border_grey\"><img loading=\"lazy\" decoding=\"async\" width=\"300\" height=\"292\" src=\"https:\/\/rokovnikivivir.si\/wp-content\/uploads\/2021\/01\/logo-z-makom-300x292.png\" class=\"vc_single_image-img attachment-medium\" alt=\"\" srcset=\"https:\/\/rokovnikivivir.si\/wp-content\/uploads\/2021\/01\/logo-z-makom-300x292.png 300w, https:\/\/rokovnikivivir.si\/wp-content\/uploads\/2021\/01\/logo-z-makom-50x50.png 50w, https:\/\/rokovnikivivir.si\/wp-content\/uploads\/2021\/01\/logo-z-makom-540x526.png 540w, https:\/\/rokovnikivivir.si\/wp-content\/uploads\/2021\/01\/logo-z-makom.png 768w\" sizes=\"auto, (max-width: 300px) 100vw, 300px\" \/><\/div>\n\t\t<\/figure>\n\t<\/div>\n\n\t<div class=\"wpb_text_column wpb_content_element \" >\n\t\t<div class=\"wpb_wrapper\">\n\t\t\t<ul class=\"menu quick-link\">\n<li><a href=\"https:\/\/rokovnikivivir.si\/sl\/kontakt\/\">Kontakt<\/a><\/li>\n<li><a href=\"https:\/\/rokovnikivivir.si\/sl\/pravilnik-o-zasebnosti-2\/\">Splo\u0161ni pogoji<\/a><\/li>\n<\/ul>\n\n\t\t<\/div>\n\t<\/div>\n\n<div class=\"tm-shortcode learts-space\" id=\"learts-space-7\"><\/div>\n<div class=\"tm-shortcode learts-social\" id=\"learts-social-8\">\n\t\t\t\t<ul class=\"social-links\">\n\t\t\t\t\t\t\t\t\t<li class=\"hint--top hint--bounce\"\n\t\t\t\t\t    aria-label=\"Facebook\">\n\t\t\t\t\t\t<a href=\"https:\/\/www.facebook.com\/rokovnikivivir\">\n\t\t\t\t\t\t\t<i class=\"fab fa-facebook\"><\/i>\n\t\t\t\t\t\t<\/a>\n\t\t\t\t\t<\/li>\n\t\t\t\t\t\t\t\t\t<li class=\"hint--top hint--bounce\"\n\t\t\t\t\t    aria-label=\"Instagram\">\n\t\t\t\t\t\t<a href=\"https:\/\/www.instagram.com\/rokovnikivivir\/\">\n\t\t\t\t\t\t\t<i class=\"fab fa-instagram\"><\/i>\n\t\t\t\t\t\t<\/a>\n\t\t\t\t\t<\/li>\n\t\t\t\t\t\t\t<\/ul>\n\t\t\t<\/div>\n\n<div class=\"tm-shortcode learts-space\" id=\"learts-space-9\"><\/div>\n\n\t<div class=\"wpb_text_column wpb_content_element \" >\n\t\t<div class=\"wpb_wrapper\">\n\t\t\t<p style=\"text-align: center;\">\u00a9 2021 Rokovnikivivir<\/p>\n\n\t\t<\/div>\n\t<\/div>\n\n<div class=\"tm-shortcode learts-space\" id=\"learts-space-10\"><\/div>\n<\/div><\/div><\/div><\/div><div class=\"vc_row-full-width vc_clearfix\"><\/div>\n","protected":false},"excerpt":{"rendered":"Kako delujemo? HITER ODZIV Po prejemu va\u0161ega naro\u010dila, bomo izdelek kar se da hitro uredili in vam ga poslali. Izdelke na zalogi po\u0161ljemo v roku 1-4 delovnih dni, potem pa ima dostavljalec \u010dasa do 3 delovne dni za dostavo. V kolikor pride do kakr\u0161ne koli situacije, zaradi \u010desar bi bil izdelek oddan kasneje, vam to [...]","protected":false},"author":1,"featured_media":0,"parent":0,"menu_order":0,"comment_status":"closed","ping_status":"closed","template":"","meta":{"footnotes":""},"class_list":["post-350","page","type-page","status-publish","hentry"],"jetpack_sharing_enabled":true,"_links":{"self":[{"href":"https:\/\/rokovnikivivir.si\/sl\/wp-json\/wp\/v2\/pages\/350","targetHints":{"allow":["GET"]}}],"collection":[{"href":"https:\/\/rokovnikivivir.si\/sl\/wp-json\/wp\/v2\/pages"}],"about":[{"href":"https:\/\/rokovnikivivir.si\/sl\/wp-json\/wp\/v2\/types\/page"}],"author":[{"embeddable":true,"href":"https:\/\/rokovnikivivir.si\/sl\/wp-json\/wp\/v2\/users\/1"}],"replies":[{"embeddable":true,"href":"https:\/\/rokovnikivivir.si\/sl\/wp-json\/wp\/v2\/comments?post=350"}],"version-history":[{"count":34,"href":"https:\/\/rokovnikivivir.si\/sl\/wp-json\/wp\/v2\/pages\/350\/revisions"}],"predecessor-version":[{"id":5748,"href":"https:\/\/rokovnikivivir.si\/sl\/wp-json\/wp\/v2\/pages\/350\/revisions\/5748"}],"wp:attachment":[{"href":"https:\/\/rokovnikivivir.si\/sl\/wp-json\/wp\/v2\/media?parent=350"}],"curies":[{"name":"wp","href":"https:\/\/api.w.org\/{rel}","templated":true}]}}