{"id":3991,"date":"2021-08-05T12:00:40","date_gmt":"2021-08-05T12:00:40","guid":{"rendered":"http:\/\/rokovnikivivir.si\/?post_type=product&#038;p=3991"},"modified":"2025-05-28T19:22:31","modified_gmt":"2025-05-28T19:22:31","slug":"motivacijski-dnevnik","status":"publish","type":"product","link":"http:\/\/rokovnikivivir.si\/sl\/izdelek\/motivacijski-dnevnik\/","title":{"rendered":"MOTIVACIJSKI DNEVNIK | INSERTI"},"content":{"rendered":"<p>Da se v vsakodnevnem stresu ne izgubimo in ne razmi\u0161ljamo \u010drnogledo nam \u017ee 5 minut self-care(a) pomaga, da se bolj\u0161e po\u010dutimo.<\/p>\n<p>Najdemo stvari za katere smo hvale\u017eni in si tako polep\u0161am dan.<\/p>\n<p>Zapisujemo si svoje po\u010dutje in s tem lahko tudi spremljamo kdaj in zakaj smo bili (ne)sre\u010dni ali ga uporabite kot dnevnik.<\/p>\n<p>Zraven dobite \u0161e nekaj listov bullet journal, kamor lahko odgovarjate na vpra\u0161anja, ki so podana v dnevniku.<\/p>\n<p>&nbsp;<\/p>\n<p>\u010ce \u017eelite motivacijski dnevnik in bullet journal sko\u010dite na <a href=\"https:\/\/rokovnikivivir.si\/sl\/product\/akta-motivacijski-dnevnik-bullet-journal\/\">tale link<\/a>, kjer dobite <a href=\"https:\/\/rokovnikivivir.si\/sl\/product\/akta-motivacijski-dnevnik-bullet-journal\/\">bullet journal, motivacijski dnevnik in akto<\/a> po ugodni ceni.<\/p>\n<p>Lahko ga uporabljate za \u0161olo, za zapiske, za ideje ali pa kot dnevnik.<\/p>\n<p>Lahko pa kupite v kompletu s <a href=\"https:\/\/rokovnikivivir.si\/sl\/izdelek\/barvni-tedenski-rokovnik-2022-2023\/\">TEDENSKIM \u00a0<\/a>rokovnikom in akto dobite zraven brezpla\u010dno.<\/p>\n<p>&nbsp;<\/p>\n","protected":false},"excerpt":{"rendered":"<p>Motivacijski dnevnik je 42 dnevni dnevnik hvale\u017enosti in motivacije.<\/p>\n<p>Velikost je A5 in se vstavi v akto, <strong>ki ni prilo\u017eena<\/strong> (!!).<\/p>\n<p>Vsebuje prostor za nasvete za jutranjo rutino ter prostor za zapis svoje jutranje rutine.<\/p>\n<p>Vpra\u0161anja, s katerimi se bolje spoznamo.<\/p>\n<p>&nbsp;<\/p>\n<p>&nbsp;<\/p>\n<p>&nbsp;<\/p>\n","protected":false},"featured_media":4234,"comment_status":"open","ping_status":"closed","template":"","meta":[],"product_brand":[76],"product_cat":[166],"product_tag":[107,106,105,104,103],"class_list":{"0":"post-3991","1":"product","2":"type-product","3":"status-publish","4":"has-post-thumbnail","6":"product_brand-rokovniki-vivir","7":"product_cat-rokovniki","8":"product_tag-107","9":"product_tag-akta","10":"product_tag-dnevnik","11":"product_tag-motivacija","12":"product_tag-motivacijski-dnevnik","14":"first","15":"outofstock","16":"shipping-taxable","17":"purchasable","18":"product-type-simple"},"jetpack_sharing_enabled":true,"_links":{"self":[{"href":"http:\/\/rokovnikivivir.si\/sl\/wp-json\/wp\/v2\/product\/3991","targetHints":{"allow":["GET"]}}],"collection":[{"href":"http:\/\/rokovnikivivir.si\/sl\/wp-json\/wp\/v2\/product"}],"about":[{"href":"http:\/\/rokovnikivivir.si\/sl\/wp-json\/wp\/v2\/types\/product"}],"replies":[{"embeddable":true,"href":"http:\/\/rokovnikivivir.si\/sl\/wp-json\/wp\/v2\/comments?post=3991"}],"wp:featuredmedia":[{"embeddable":true,"href":"http:\/\/rokovnikivivir.si\/sl\/wp-json\/wp\/v2\/media\/4234"}],"wp:attachment":[{"href":"http:\/\/rokovnikivivir.si\/sl\/wp-json\/wp\/v2\/media?parent=3991"}],"wp:term":[{"taxonomy":"product_brand","embeddable":true,"href":"http:\/\/rokovnikivivir.si\/sl\/wp-json\/wp\/v2\/product_brand?post=3991"},{"taxonomy":"product_cat","embeddable":true,"href":"http:\/\/rokovnikivivir.si\/sl\/wp-json\/wp\/v2\/product_cat?post=3991"},{"taxonomy":"product_tag","embeddable":true,"href":"http:\/\/rokovnikivivir.si\/sl\/wp-json\/wp\/v2\/product_tag?post=3991"}],"curies":[{"name":"wp","href":"https:\/\/api.w.org\/{rel}","templated":true}]}}